{"id":274,"date":"2017-09-14T18:55:03","date_gmt":"2017-09-14T17:55:03","guid":{"rendered":"http:\/\/shop.ihbt.info\/?post_type=product&#038;p=274"},"modified":"2023-11-02T13:41:48","modified_gmt":"2023-11-02T11:41:48","slug":"lift-up-volume-spray-200ml","status":"publish","type":"product","link":"http:\/\/shop.ihbt.info\/?product=lift-up-volume-spray-200ml","title":{"rendered":"LIFT UP VOLUME SPRAY 200ml"},"content":{"rendered":"<p>Lift Up Volumen Spray verleiht durch seine \u00e4u\u00dferst leichte Formulierung feinem Haar Volumen, Spannkraft und Halt.<br \/>\nBambus Extrakt der durch einen Lactobacillus fermentiert wurde,<br \/>\nspendet intensive Feuchtigkeit ohne zu beschweren, und schenkt dem Haar mehr Volumen.<br \/>\nGelichzeitig erh\u00e4lt das Haar eine intensive Pflege damit es sich angenehm weich und gl\u00e4nzend anf\u00fchlt.<br \/>\nDas Haar hat sichtbar mehr Volumen und F\u00fclle.<\/p>\n<p>Anwendung:<\/p>\n<p>Str\u00e4hnenweise auf das frottierte gewaschene, handtuchtrockene Haar oder direkt auf den Ansatz aufspr\u00fchen.<br \/>\nDanach wie gewohnt f\u00f6hnen und stylen.<\/p>\n","protected":false},"excerpt":{"rendered":"<p>Lift Up Volumen Spray verleiht durch seine \u00e4u\u00dferst leichte Formulierung feinem Haar Volumen, Spannkraft und Halt. Bambus Extrakt der durch einen Lactobacillus fermentiert wurde, spendet intensive Feuchtigkeit ohne zu beschweren, und schenkt dem Haar mehr Volumen. Gelichzeitig erh\u00e4lt das Haar eine intensive Pflege damit es sich angenehm weich und gl\u00e4nzend anf\u00fchlt. Das Haar hat sichtbar [&hellip;]<\/p>\n","protected":false},"featured_media":285,"comment_status":"closed","ping_status":"closed","template":"","meta":[],"product_brand":[],"product_cat":[29],"product_tag":[],"class_list":{"0":"post-274","1":"product","2":"type-product","3":"status-publish","4":"has-post-thumbnail","6":"product_cat-styling","8":"first","9":"instock","10":"taxable","11":"shipping-taxable","12":"purchasable","13":"product-type-simple"},"_links":{"self":[{"href":"http:\/\/shop.ihbt.info\/index.php?rest_route=\/wp\/v2\/product\/274","targetHints":{"allow":["GET"]}}],"collection":[{"href":"http:\/\/shop.ihbt.info\/index.php?rest_route=\/wp\/v2\/product"}],"about":[{"href":"http:\/\/shop.ihbt.info\/index.php?rest_route=\/wp\/v2\/types\/product"}],"replies":[{"embeddable":true,"href":"http:\/\/shop.ihbt.info\/index.php?rest_route=%2Fwp%2Fv2%2Fcomments&post=274"}],"wp:featuredmedia":[{"embeddable":true,"href":"http:\/\/shop.ihbt.info\/index.php?rest_route=\/wp\/v2\/media\/285"}],"wp:attachment":[{"href":"http:\/\/shop.ihbt.info\/index.php?rest_route=%2Fwp%2Fv2%2Fmedia&parent=274"}],"wp:term":[{"taxonomy":"product_brand","embeddable":true,"href":"http:\/\/shop.ihbt.info\/index.php?rest_route=%2Fwp%2Fv2%2Fproduct_brand&post=274"},{"taxonomy":"product_cat","embeddable":true,"href":"http:\/\/shop.ihbt.info\/index.php?rest_route=%2Fwp%2Fv2%2Fproduct_cat&post=274"},{"taxonomy":"product_tag","embeddable":true,"href":"http:\/\/shop.ihbt.info\/index.php?rest_route=%2Fwp%2Fv2%2Fproduct_tag&post=274"}],"curies":[{"name":"wp","href":"https:\/\/api.w.org\/{rel}","templated":true}]}}