{"id":272,"date":"2017-09-14T18:48:21","date_gmt":"2017-09-14T16:48:21","guid":{"rendered":"http:\/\/shop.ihbt.info\/?post_type=product&#038;p=272"},"modified":"2023-11-02T13:43:48","modified_gmt":"2023-11-02T11:43:48","slug":"ginkgo-energeticum-100ml","status":"publish","type":"product","link":"http:\/\/shop.ihbt.info\/?product=ginkgo-energeticum-100ml","title":{"rendered":"GINKGO ENERGETICUM 100ml"},"content":{"rendered":"<p>HAAR UND KOPFHAUT ENERGETICUM<\/p>\n<p>Dieses Kopfhaut-Tonikum enth\u00e4lt den Blattextrakt des Ginkgo-Baumes.<br \/>\nGinkgo neutralisiert zellsch\u00e4digende Substanzen.<br \/>\nGleichzeitig wird die Kopfhautdurchblutung gef\u00f6rdert und der Mikrostoffwechsel der Haarwurzel aktiviert.<br \/>\nHaarwuchs kann dadurch angeregt und verst\u00e4rkt werden, das Haar bekommt zudem mehr F\u00fclle und Kraft.<\/p>\n<p>Anwendung:<\/p>\n<p>Nur 1 Pipetten-Menge tropfenweise auf der Kopfhaut verteilen.<br \/>\nDanach einmasieren, nicht aussp\u00fclen.<br \/>\nDermatologisch getestet.<\/p>\n","protected":false},"excerpt":{"rendered":"<p>HAAR UND KOPFHAUT ENERGETICUM Dieses Kopfhaut-Tonikum enth\u00e4lt den Blattextrakt des Ginkgo-Baumes. Ginkgo neutralisiert zellsch\u00e4digende Substanzen. Gleichzeitig wird die Kopfhautdurchblutung gef\u00f6rdert und der Mikrostoffwechsel der Haarwurzel aktiviert. Haarwuchs kann dadurch angeregt und verst\u00e4rkt werden, das Haar bekommt zudem mehr F\u00fclle und Kraft. Anwendung: Nur 1 Pipetten-Menge tropfenweise auf der Kopfhaut verteilen. Danach einmasieren, nicht aussp\u00fclen. Dermatologisch [&hellip;]<\/p>\n","protected":false},"featured_media":273,"comment_status":"closed","ping_status":"closed","template":"","meta":[],"product_brand":[],"product_cat":[28,30,29],"product_tag":[],"class_list":{"0":"post-272","1":"product","2":"type-product","3":"status-publish","4":"has-post-thumbnail","6":"product_cat-conditioning","7":"product_cat-men-care","8":"product_cat-styling","10":"first","11":"instock","12":"taxable","13":"shipping-taxable","14":"purchasable","15":"product-type-simple"},"_links":{"self":[{"href":"http:\/\/shop.ihbt.info\/index.php?rest_route=\/wp\/v2\/product\/272","targetHints":{"allow":["GET"]}}],"collection":[{"href":"http:\/\/shop.ihbt.info\/index.php?rest_route=\/wp\/v2\/product"}],"about":[{"href":"http:\/\/shop.ihbt.info\/index.php?rest_route=\/wp\/v2\/types\/product"}],"replies":[{"embeddable":true,"href":"http:\/\/shop.ihbt.info\/index.php?rest_route=%2Fwp%2Fv2%2Fcomments&post=272"}],"wp:featuredmedia":[{"embeddable":true,"href":"http:\/\/shop.ihbt.info\/index.php?rest_route=\/wp\/v2\/media\/273"}],"wp:attachment":[{"href":"http:\/\/shop.ihbt.info\/index.php?rest_route=%2Fwp%2Fv2%2Fmedia&parent=272"}],"wp:term":[{"taxonomy":"product_brand","embeddable":true,"href":"http:\/\/shop.ihbt.info\/index.php?rest_route=%2Fwp%2Fv2%2Fproduct_brand&post=272"},{"taxonomy":"product_cat","embeddable":true,"href":"http:\/\/shop.ihbt.info\/index.php?rest_route=%2Fwp%2Fv2%2Fproduct_cat&post=272"},{"taxonomy":"product_tag","embeddable":true,"href":"http:\/\/shop.ihbt.info\/index.php?rest_route=%2Fwp%2Fv2%2Fproduct_tag&post=272"}],"curies":[{"name":"wp","href":"https:\/\/api.w.org\/{rel}","templated":true}]}}