{"id":268,"date":"2017-09-14T18:33:27","date_gmt":"2017-09-14T16:33:27","guid":{"rendered":"http:\/\/shop.ihbt.info\/?post_type=product&#038;p=268"},"modified":"2023-11-02T13:50:45","modified_gmt":"2023-11-02T11:50:45","slug":"diamond-detangler-spray-factor-0-100ml","status":"publish","type":"product","link":"http:\/\/shop.ihbt.info\/?product=diamond-detangler-spray-factor-0-100ml","title":{"rendered":"DIAMOND DETANGLER SPRAY 100ml FACTOR 0"},"content":{"rendered":"<p>Dieses Glanzspray ist f\u00fcr drei Einsatzbereiche ideal geeignet.<\/p>\n<p><strong>Zum Gl\u00e4tten des Haares:<\/strong> Das trockene Haar bespr\u00fchen und mit dem Gl\u00e4tteisen arbeiten<\/p>\n<p><strong>F\u00fcr Pflege von Langhaar:<\/strong> Das frottierte Haar bespr\u00fchen,<br \/>\nanschlie\u00dfend ist das Haar spielend einfach durchk\u00e4mmbar<br \/>\nund l\u00e4sst sich widerstandlos \u00fcber eine B\u00fcrste f\u00f6hnen.<br \/>\nDas Haar wird glanzvoll und geschmeidig.<br \/>\n<strong><br \/>\nAls Glanzfinish:<\/strong> \u00dcber die fertige Frisur spr\u00fchen. Die Haarfarbe wird deutlich hervorgehoben.<br \/>\nDermatologisch getestet.<\/p>\n","protected":false},"excerpt":{"rendered":"<p>Dieses Glanzspray ist f\u00fcr drei Einsatzbereiche ideal geeignet. Zum Gl\u00e4tten des Haares: Das trockene Haar bespr\u00fchen und mit dem Gl\u00e4tteisen arbeiten F\u00fcr Pflege von Langhaar: Das frottierte Haar bespr\u00fchen, anschlie\u00dfend ist das Haar spielend einfach durchk\u00e4mmbar und l\u00e4sst sich widerstandlos \u00fcber eine B\u00fcrste f\u00f6hnen. Das Haar wird glanzvoll und geschmeidig. Als Glanzfinish: \u00dcber die fertige [&hellip;]<\/p>\n","protected":false},"featured_media":269,"comment_status":"closed","ping_status":"closed","template":"","meta":[],"product_brand":[],"product_cat":[28],"product_tag":[],"class_list":{"0":"post-268","1":"product","2":"type-product","3":"status-publish","4":"has-post-thumbnail","6":"product_cat-conditioning","8":"first","9":"instock","10":"taxable","11":"shipping-taxable","12":"purchasable","13":"product-type-simple"},"_links":{"self":[{"href":"http:\/\/shop.ihbt.info\/index.php?rest_route=\/wp\/v2\/product\/268","targetHints":{"allow":["GET"]}}],"collection":[{"href":"http:\/\/shop.ihbt.info\/index.php?rest_route=\/wp\/v2\/product"}],"about":[{"href":"http:\/\/shop.ihbt.info\/index.php?rest_route=\/wp\/v2\/types\/product"}],"replies":[{"embeddable":true,"href":"http:\/\/shop.ihbt.info\/index.php?rest_route=%2Fwp%2Fv2%2Fcomments&post=268"}],"wp:featuredmedia":[{"embeddable":true,"href":"http:\/\/shop.ihbt.info\/index.php?rest_route=\/wp\/v2\/media\/269"}],"wp:attachment":[{"href":"http:\/\/shop.ihbt.info\/index.php?rest_route=%2Fwp%2Fv2%2Fmedia&parent=268"}],"wp:term":[{"taxonomy":"product_brand","embeddable":true,"href":"http:\/\/shop.ihbt.info\/index.php?rest_route=%2Fwp%2Fv2%2Fproduct_brand&post=268"},{"taxonomy":"product_cat","embeddable":true,"href":"http:\/\/shop.ihbt.info\/index.php?rest_route=%2Fwp%2Fv2%2Fproduct_cat&post=268"},{"taxonomy":"product_tag","embeddable":true,"href":"http:\/\/shop.ihbt.info\/index.php?rest_route=%2Fwp%2Fv2%2Fproduct_tag&post=268"}],"curies":[{"name":"wp","href":"https:\/\/api.w.org\/{rel}","templated":true}]}}