{"id":266,"date":"2017-09-14T18:22:09","date_gmt":"2017-09-14T16:22:09","guid":{"rendered":"http:\/\/shop.ihbt.info\/?post_type=product&#038;p=266"},"modified":"2023-11-02T13:48:18","modified_gmt":"2023-11-02T11:48:18","slug":"relax-care-cream-factor-0-100ml","status":"publish","type":"product","link":"http:\/\/shop.ihbt.info\/?product=relax-care-cream-factor-0-100ml","title":{"rendered":"RELAX CARE CREAM 200ml FACTOR 0"},"content":{"rendered":"<p>Gl\u00e4ttende Anti-Frizz Creme f\u00fcr Glanz und Geschmeidigkeit des Haares.<br \/>\nErleichtert das F\u00f6hnstyling. <\/p>\n<p>Anwendung:<\/p>\n<p>Im feuchten oder trockenen Haar verteilen danach f\u00f6hnen oder stylen.<\/p>\n","protected":false},"excerpt":{"rendered":"<p>Gl\u00e4ttende Anti-Frizz Creme f\u00fcr Glanz und Geschmeidigkeit des Haares. Erleichtert das F\u00f6hnstyling. Anwendung: Im feuchten oder trockenen Haar verteilen danach f\u00f6hnen oder stylen.<\/p>\n","protected":false},"featured_media":267,"comment_status":"closed","ping_status":"closed","template":"","meta":[],"product_brand":[],"product_cat":[28,29],"product_tag":[],"class_list":{"0":"post-266","1":"product","2":"type-product","3":"status-publish","4":"has-post-thumbnail","6":"product_cat-conditioning","7":"product_cat-styling","9":"first","10":"instock","11":"taxable","12":"shipping-taxable","13":"purchasable","14":"product-type-simple"},"_links":{"self":[{"href":"http:\/\/shop.ihbt.info\/index.php?rest_route=\/wp\/v2\/product\/266","targetHints":{"allow":["GET"]}}],"collection":[{"href":"http:\/\/shop.ihbt.info\/index.php?rest_route=\/wp\/v2\/product"}],"about":[{"href":"http:\/\/shop.ihbt.info\/index.php?rest_route=\/wp\/v2\/types\/product"}],"replies":[{"embeddable":true,"href":"http:\/\/shop.ihbt.info\/index.php?rest_route=%2Fwp%2Fv2%2Fcomments&post=266"}],"wp:featuredmedia":[{"embeddable":true,"href":"http:\/\/shop.ihbt.info\/index.php?rest_route=\/wp\/v2\/media\/267"}],"wp:attachment":[{"href":"http:\/\/shop.ihbt.info\/index.php?rest_route=%2Fwp%2Fv2%2Fmedia&parent=266"}],"wp:term":[{"taxonomy":"product_brand","embeddable":true,"href":"http:\/\/shop.ihbt.info\/index.php?rest_route=%2Fwp%2Fv2%2Fproduct_brand&post=266"},{"taxonomy":"product_cat","embeddable":true,"href":"http:\/\/shop.ihbt.info\/index.php?rest_route=%2Fwp%2Fv2%2Fproduct_cat&post=266"},{"taxonomy":"product_tag","embeddable":true,"href":"http:\/\/shop.ihbt.info\/index.php?rest_route=%2Fwp%2Fv2%2Fproduct_tag&post=266"}],"curies":[{"name":"wp","href":"https:\/\/api.w.org\/{rel}","templated":true}]}}