{"id":264,"date":"2017-09-14T18:16:38","date_gmt":"2017-09-14T16:16:38","guid":{"rendered":"http:\/\/shop.ihbt.info\/?post_type=product&#038;p=264"},"modified":"2023-11-02T13:50:05","modified_gmt":"2023-11-02T11:50:05","slug":"protein-mousse-soft-faktor-1-200ml","status":"publish","type":"product","link":"http:\/\/shop.ihbt.info\/?product=protein-mousse-soft-faktor-1-200ml","title":{"rendered":"PROTEIN MOUSSE SOFT 200ml FAKTOR 1"},"content":{"rendered":"<p>Dieser Multischaum l\u00e4sst sich als ein leichter F\u00f6hnfestiger, Modelliermasse oder zum lufttrocknen benutzen.<\/p>\n<p>Anwendung:<\/p>\n<p>Schaumkopf dr\u00fccken und eine Schaummenge in Golfballgr\u00f6\u00dfe auf die Handfl\u00e4che aufsch\u00e4umen.<br \/>\nSchaum gleichm\u00e4\u00dfig auf das gewaschene, handtuchtrockene Haar verteilen.<br \/>\nDermatologisch getestet. <\/p>\n","protected":false},"excerpt":{"rendered":"<p>Dieser Multischaum l\u00e4sst sich als ein leichter F\u00f6hnfestiger, Modelliermasse oder zum lufttrocknen benutzen. Anwendung: Schaumkopf dr\u00fccken und eine Schaummenge in Golfballgr\u00f6\u00dfe auf die Handfl\u00e4che aufsch\u00e4umen. Schaum gleichm\u00e4\u00dfig auf das gewaschene, handtuchtrockene Haar verteilen. Dermatologisch getestet.<\/p>\n","protected":false},"featured_media":265,"comment_status":"closed","ping_status":"closed","template":"","meta":[],"product_brand":[],"product_cat":[29],"product_tag":[],"class_list":{"0":"post-264","1":"product","2":"type-product","3":"status-publish","4":"has-post-thumbnail","6":"product_cat-styling","8":"first","9":"instock","10":"taxable","11":"shipping-taxable","12":"purchasable","13":"product-type-simple"},"_links":{"self":[{"href":"http:\/\/shop.ihbt.info\/index.php?rest_route=\/wp\/v2\/product\/264","targetHints":{"allow":["GET"]}}],"collection":[{"href":"http:\/\/shop.ihbt.info\/index.php?rest_route=\/wp\/v2\/product"}],"about":[{"href":"http:\/\/shop.ihbt.info\/index.php?rest_route=\/wp\/v2\/types\/product"}],"replies":[{"embeddable":true,"href":"http:\/\/shop.ihbt.info\/index.php?rest_route=%2Fwp%2Fv2%2Fcomments&post=264"}],"wp:featuredmedia":[{"embeddable":true,"href":"http:\/\/shop.ihbt.info\/index.php?rest_route=\/wp\/v2\/media\/265"}],"wp:attachment":[{"href":"http:\/\/shop.ihbt.info\/index.php?rest_route=%2Fwp%2Fv2%2Fmedia&parent=264"}],"wp:term":[{"taxonomy":"product_brand","embeddable":true,"href":"http:\/\/shop.ihbt.info\/index.php?rest_route=%2Fwp%2Fv2%2Fproduct_brand&post=264"},{"taxonomy":"product_cat","embeddable":true,"href":"http:\/\/shop.ihbt.info\/index.php?rest_route=%2Fwp%2Fv2%2Fproduct_cat&post=264"},{"taxonomy":"product_tag","embeddable":true,"href":"http:\/\/shop.ihbt.info\/index.php?rest_route=%2Fwp%2Fv2%2Fproduct_tag&post=264"}],"curies":[{"name":"wp","href":"https:\/\/api.w.org\/{rel}","templated":true}]}}