{"id":261,"date":"2017-09-14T18:03:30","date_gmt":"2017-09-14T16:03:30","guid":{"rendered":"http:\/\/shop.ihbt.info\/?post_type=product&#038;p=261"},"modified":"2023-11-02T13:50:32","modified_gmt":"2023-11-02T11:50:32","slug":"didac-rinse-conditioner-no-1-200ml","status":"publish","type":"product","link":"http:\/\/shop.ihbt.info\/?product=didac-rinse-conditioner-no-1-200ml","title":{"rendered":"DIDAC RINSE CONDITIONER 200ml NO. 1"},"content":{"rendered":"<p>SCHLIESST DAS HAAR GLANZ + F\u00dcLLE<\/p>\n<p>Diese Sp\u00fclung bewirkt durch den niedrigen pH-Wert ein sofortiges Schlie\u00dfen des Haares.<br \/>\nDadurch verringert sich der Reibungswiderstand beim K\u00e4mmen.<br \/>\nDas Haar wird glanzvoll und nicht beschwert. Der Haut bleibt der S\u00e4ureschutzmantel erhalten.<\/p>\n<p>Anwendung:<br \/>\nIn das gewaschene Haar einmassieren. Nach kurzem Einwirken gr\u00fcndlich absp\u00fclen.<br \/>\nDermatologisch getestet.<\/p>\n","protected":false},"excerpt":{"rendered":"<p>SCHLIESST DAS HAAR GLANZ + F\u00dcLLE Diese Sp\u00fclung bewirkt durch den niedrigen pH-Wert ein sofortiges Schlie\u00dfen des Haares. Dadurch verringert sich der Reibungswiderstand beim K\u00e4mmen. Das Haar wird glanzvoll und nicht beschwert. Der Haut bleibt der S\u00e4ureschutzmantel erhalten. Anwendung: In das gewaschene Haar einmassieren. Nach kurzem Einwirken gr\u00fcndlich absp\u00fclen. Dermatologisch getestet.<\/p>\n","protected":false},"featured_media":262,"comment_status":"closed","ping_status":"closed","template":"","meta":[],"product_brand":[],"product_cat":[28],"product_tag":[],"class_list":{"0":"post-261","1":"product","2":"type-product","3":"status-publish","4":"has-post-thumbnail","6":"product_cat-conditioning","8":"first","9":"instock","10":"taxable","11":"shipping-taxable","12":"purchasable","13":"product-type-simple"},"_links":{"self":[{"href":"http:\/\/shop.ihbt.info\/index.php?rest_route=\/wp\/v2\/product\/261","targetHints":{"allow":["GET"]}}],"collection":[{"href":"http:\/\/shop.ihbt.info\/index.php?rest_route=\/wp\/v2\/product"}],"about":[{"href":"http:\/\/shop.ihbt.info\/index.php?rest_route=\/wp\/v2\/types\/product"}],"replies":[{"embeddable":true,"href":"http:\/\/shop.ihbt.info\/index.php?rest_route=%2Fwp%2Fv2%2Fcomments&post=261"}],"wp:featuredmedia":[{"embeddable":true,"href":"http:\/\/shop.ihbt.info\/index.php?rest_route=\/wp\/v2\/media\/262"}],"wp:attachment":[{"href":"http:\/\/shop.ihbt.info\/index.php?rest_route=%2Fwp%2Fv2%2Fmedia&parent=261"}],"wp:term":[{"taxonomy":"product_brand","embeddable":true,"href":"http:\/\/shop.ihbt.info\/index.php?rest_route=%2Fwp%2Fv2%2Fproduct_brand&post=261"},{"taxonomy":"product_cat","embeddable":true,"href":"http:\/\/shop.ihbt.info\/index.php?rest_route=%2Fwp%2Fv2%2Fproduct_cat&post=261"},{"taxonomy":"product_tag","embeddable":true,"href":"http:\/\/shop.ihbt.info\/index.php?rest_route=%2Fwp%2Fv2%2Fproduct_tag&post=261"}],"curies":[{"name":"wp","href":"https:\/\/api.w.org\/{rel}","templated":true}]}}