{"id":259,"date":"2017-09-14T18:01:30","date_gmt":"2017-09-14T17:01:30","guid":{"rendered":"http:\/\/shop.ihbt.info\/?post_type=product&#038;p=259"},"modified":"2023-11-02T13:51:40","modified_gmt":"2023-11-02T11:51:40","slug":"natural-shine-spray-factor-2-200ml","status":"publish","type":"product","link":"http:\/\/shop.ihbt.info\/?product=natural-shine-spray-factor-2-200ml","title":{"rendered":"NATURAL SHINE SPRAY 200ml FACTOR 2"},"content":{"rendered":"<p>NAT\u00dcRLICHER HALT PLUS GLANZ UNPARF\u00dcMIERT<\/p>\n<p>Dieses Haarspray gibt leichten Halt und auff\u00e4lligen Glanz.<br \/>\nDie K\u00e4mmbarkeit bleibt ausgezeichnet, das Haar Verklebt nicht.<br \/>\nF\u00fcr alle Frisuren mit nat\u00fcrlichem Styling<\/p>\n<p>Anwendung:<\/p>\n<p>Je nach Festigungswunsch auf das feuchte oder trockene Haar oder einzelne Haarpartien spr\u00fchen.<br \/>\n20 cm Spr\u00fchabstand.<br \/>\nZerst\u00e4uber ab und zu mit warmem Wasser reinigen.<br \/>\nUmweltfreundlich ohne Treibgas. Dermatologisch getestet.<\/p>\n","protected":false},"excerpt":{"rendered":"<p>NAT\u00dcRLICHER HALT PLUS GLANZ UNPARF\u00dcMIERT Dieses Haarspray gibt leichten Halt und auff\u00e4lligen Glanz. Die K\u00e4mmbarkeit bleibt ausgezeichnet, das Haar Verklebt nicht. F\u00fcr alle Frisuren mit nat\u00fcrlichem Styling Anwendung: Je nach Festigungswunsch auf das feuchte oder trockene Haar oder einzelne Haarpartien spr\u00fchen. 20 cm Spr\u00fchabstand. Zerst\u00e4uber ab und zu mit warmem Wasser reinigen. Umweltfreundlich ohne Treibgas. [&hellip;]<\/p>\n","protected":false},"featured_media":260,"comment_status":"closed","ping_status":"closed","template":"","meta":[],"product_brand":[],"product_cat":[29],"product_tag":[],"class_list":{"0":"post-259","1":"product","2":"type-product","3":"status-publish","4":"has-post-thumbnail","6":"product_cat-styling","8":"first","9":"instock","10":"taxable","11":"shipping-taxable","12":"purchasable","13":"product-type-simple"},"_links":{"self":[{"href":"http:\/\/shop.ihbt.info\/index.php?rest_route=\/wp\/v2\/product\/259","targetHints":{"allow":["GET"]}}],"collection":[{"href":"http:\/\/shop.ihbt.info\/index.php?rest_route=\/wp\/v2\/product"}],"about":[{"href":"http:\/\/shop.ihbt.info\/index.php?rest_route=\/wp\/v2\/types\/product"}],"replies":[{"embeddable":true,"href":"http:\/\/shop.ihbt.info\/index.php?rest_route=%2Fwp%2Fv2%2Fcomments&post=259"}],"wp:featuredmedia":[{"embeddable":true,"href":"http:\/\/shop.ihbt.info\/index.php?rest_route=\/wp\/v2\/media\/260"}],"wp:attachment":[{"href":"http:\/\/shop.ihbt.info\/index.php?rest_route=%2Fwp%2Fv2%2Fmedia&parent=259"}],"wp:term":[{"taxonomy":"product_brand","embeddable":true,"href":"http:\/\/shop.ihbt.info\/index.php?rest_route=%2Fwp%2Fv2%2Fproduct_brand&post=259"},{"taxonomy":"product_cat","embeddable":true,"href":"http:\/\/shop.ihbt.info\/index.php?rest_route=%2Fwp%2Fv2%2Fproduct_cat&post=259"},{"taxonomy":"product_tag","embeddable":true,"href":"http:\/\/shop.ihbt.info\/index.php?rest_route=%2Fwp%2Fv2%2Fproduct_tag&post=259"}],"curies":[{"name":"wp","href":"https:\/\/api.w.org\/{rel}","templated":true}]}}