{"id":257,"date":"2017-09-14T17:17:24","date_gmt":"2017-09-14T15:17:24","guid":{"rendered":"http:\/\/shop.ihbt.info\/?post_type=product&#038;p=257"},"modified":"2023-11-02T13:52:13","modified_gmt":"2023-11-02T11:52:13","slug":"257","status":"publish","type":"product","link":"http:\/\/shop.ihbt.info\/?product=257","title":{"rendered":"HAIR MOUSSE STRONG 200ml FACTOR 4"},"content":{"rendered":"<p>Volumenschaum f\u00fcr mittleren bis starken Halt zur exakt definierten Formgebung.<br \/>\nSpeziell f\u00fcr feines und kraftloses Haar. Mit elastischen Filmbildnern f\u00fcr extra flexible Festigung. <\/p>\n<p>Anwendung:<br \/>\nIns frottiere Haar geben, anschlie\u00dfend lufttrocknen lassen oder f\u00f6hnen.<\/p>\n","protected":false},"excerpt":{"rendered":"<p>Volumenschaum f\u00fcr mittleren bis starken Halt zur exakt definierten Formgebung. Speziell f\u00fcr feines und kraftloses Haar. Mit elastischen Filmbildnern f\u00fcr extra flexible Festigung. Anwendung: Ins frottiere Haar geben, anschlie\u00dfend lufttrocknen lassen oder f\u00f6hnen.<\/p>\n","protected":false},"featured_media":258,"comment_status":"closed","ping_status":"closed","template":"","meta":[],"product_brand":[],"product_cat":[29],"product_tag":[],"class_list":{"0":"post-257","1":"product","2":"type-product","3":"status-publish","4":"has-post-thumbnail","6":"product_cat-styling","8":"first","9":"instock","10":"taxable","11":"shipping-taxable","12":"purchasable","13":"product-type-simple"},"_links":{"self":[{"href":"http:\/\/shop.ihbt.info\/index.php?rest_route=\/wp\/v2\/product\/257","targetHints":{"allow":["GET"]}}],"collection":[{"href":"http:\/\/shop.ihbt.info\/index.php?rest_route=\/wp\/v2\/product"}],"about":[{"href":"http:\/\/shop.ihbt.info\/index.php?rest_route=\/wp\/v2\/types\/product"}],"replies":[{"embeddable":true,"href":"http:\/\/shop.ihbt.info\/index.php?rest_route=%2Fwp%2Fv2%2Fcomments&post=257"}],"wp:featuredmedia":[{"embeddable":true,"href":"http:\/\/shop.ihbt.info\/index.php?rest_route=\/wp\/v2\/media\/258"}],"wp:attachment":[{"href":"http:\/\/shop.ihbt.info\/index.php?rest_route=%2Fwp%2Fv2%2Fmedia&parent=257"}],"wp:term":[{"taxonomy":"product_brand","embeddable":true,"href":"http:\/\/shop.ihbt.info\/index.php?rest_route=%2Fwp%2Fv2%2Fproduct_brand&post=257"},{"taxonomy":"product_cat","embeddable":true,"href":"http:\/\/shop.ihbt.info\/index.php?rest_route=%2Fwp%2Fv2%2Fproduct_cat&post=257"},{"taxonomy":"product_tag","embeddable":true,"href":"http:\/\/shop.ihbt.info\/index.php?rest_route=%2Fwp%2Fv2%2Fproduct_tag&post=257"}],"curies":[{"name":"wp","href":"https:\/\/api.w.org\/{rel}","templated":true}]}}