{"id":255,"date":"2017-09-14T16:59:20","date_gmt":"2017-09-14T14:59:20","guid":{"rendered":"http:\/\/shop.ihbt.info\/?post_type=product&#038;p=255"},"modified":"2023-11-02T13:52:25","modified_gmt":"2023-11-02T11:52:25","slug":"hair-mousse-strong-factor-4-500ml","status":"publish","type":"product","link":"http:\/\/shop.ihbt.info\/?product=hair-mousse-strong-factor-4-500ml","title":{"rendered":"HAIR MOUSSE STRONG 500ml FACTOR 4"},"content":{"rendered":"<p>Volumenschaum f\u00fcr mittleren bis starken Halt zur exakt definierten Formgebung.<br \/>\nSpeziell f\u00fcr feines und kraftloses Haar. Mit elastischen Filmbildnern f\u00fcr extra flexible Festigung. <\/p>\n<p>Anwendung:<br \/>\nIns frottiere Haar geben, anschlie\u00dfend lufttrocknen lassen oder f\u00f6hnen.<\/p>\n","protected":false},"excerpt":{"rendered":"<p>Volumenschaum f\u00fcr mittleren bis starken Halt zur exakt definierten Formgebung. Speziell f\u00fcr feines und kraftloses Haar. Mit elastischen Filmbildnern f\u00fcr extra flexible Festigung. Anwendung: Ins frottiere Haar geben, anschlie\u00dfend lufttrocknen lassen oder f\u00f6hnen.<\/p>\n","protected":false},"featured_media":256,"comment_status":"closed","ping_status":"closed","template":"","meta":[],"product_brand":[],"product_cat":[29],"product_tag":[],"class_list":{"0":"post-255","1":"product","2":"type-product","3":"status-publish","4":"has-post-thumbnail","6":"product_cat-styling","8":"first","9":"instock","10":"taxable","11":"shipping-taxable","12":"purchasable","13":"product-type-simple"},"_links":{"self":[{"href":"http:\/\/shop.ihbt.info\/index.php?rest_route=\/wp\/v2\/product\/255","targetHints":{"allow":["GET"]}}],"collection":[{"href":"http:\/\/shop.ihbt.info\/index.php?rest_route=\/wp\/v2\/product"}],"about":[{"href":"http:\/\/shop.ihbt.info\/index.php?rest_route=\/wp\/v2\/types\/product"}],"replies":[{"embeddable":true,"href":"http:\/\/shop.ihbt.info\/index.php?rest_route=%2Fwp%2Fv2%2Fcomments&post=255"}],"wp:featuredmedia":[{"embeddable":true,"href":"http:\/\/shop.ihbt.info\/index.php?rest_route=\/wp\/v2\/media\/256"}],"wp:attachment":[{"href":"http:\/\/shop.ihbt.info\/index.php?rest_route=%2Fwp%2Fv2%2Fmedia&parent=255"}],"wp:term":[{"taxonomy":"product_brand","embeddable":true,"href":"http:\/\/shop.ihbt.info\/index.php?rest_route=%2Fwp%2Fv2%2Fproduct_brand&post=255"},{"taxonomy":"product_cat","embeddable":true,"href":"http:\/\/shop.ihbt.info\/index.php?rest_route=%2Fwp%2Fv2%2Fproduct_cat&post=255"},{"taxonomy":"product_tag","embeddable":true,"href":"http:\/\/shop.ihbt.info\/index.php?rest_route=%2Fwp%2Fv2%2Fproduct_tag&post=255"}],"curies":[{"name":"wp","href":"https:\/\/api.w.org\/{rel}","templated":true}]}}