{"id":248,"date":"2017-09-14T16:35:20","date_gmt":"2017-09-14T14:35:20","guid":{"rendered":"http:\/\/shop.ihbt.info\/?post_type=product&#038;p=248"},"modified":"2023-11-02T13:56:15","modified_gmt":"2023-11-02T11:56:15","slug":"stage-hold-lac-factor-4","status":"publish","type":"product","link":"http:\/\/shop.ihbt.info\/?product=stage-hold-lac-factor-4","title":{"rendered":"STAGE HOLD LAC FACTOR 4"},"content":{"rendered":"<p>STARK FESTIGEND UNPARF\u00dcMIERT <\/p>\n<p>Dieser Haarlack gibt dem Haar straken Halt. Sowohl f\u00fcr Stand einzelner Haarpartien als auch zur<br \/>\nkr\u00e4ftigen Formgebung der ganzen Frisur ist dieser Haarlack ideal geeignet. <\/p>\n<p>Anwendung:<br \/>\nJe nach Festigungswunsch auf das feuchte oder trockene Haar oder einzelne Haarpartien spr\u00fchen.<br \/>\n20 cm Spr\u00fchabstand. Zerst\u00e4uber ab und zu mit warmem Wasser reinigen.<br \/>\nUmweltfreundlich ohne Treibgas . Dermatologisch getestet<\/p>\n","protected":false},"excerpt":{"rendered":"<p>STARK FESTIGEND UNPARF\u00dcMIERT Dieser Haarlack gibt dem Haar straken Halt. Sowohl f\u00fcr Stand einzelner Haarpartien als auch zur kr\u00e4ftigen Formgebung der ganzen Frisur ist dieser Haarlack ideal geeignet. Anwendung: Je nach Festigungswunsch auf das feuchte oder trockene Haar oder einzelne Haarpartien spr\u00fchen. 20 cm Spr\u00fchabstand. Zerst\u00e4uber ab und zu mit warmem Wasser reinigen. Umweltfreundlich ohne [&hellip;]<\/p>\n","protected":false},"featured_media":249,"comment_status":"closed","ping_status":"closed","template":"","meta":[],"product_brand":[],"product_cat":[29],"product_tag":[],"class_list":{"0":"post-248","1":"product","2":"type-product","3":"status-publish","4":"has-post-thumbnail","6":"product_cat-styling","8":"first","9":"instock","10":"taxable","11":"shipping-taxable","12":"purchasable","13":"product-type-simple"},"_links":{"self":[{"href":"http:\/\/shop.ihbt.info\/index.php?rest_route=\/wp\/v2\/product\/248","targetHints":{"allow":["GET"]}}],"collection":[{"href":"http:\/\/shop.ihbt.info\/index.php?rest_route=\/wp\/v2\/product"}],"about":[{"href":"http:\/\/shop.ihbt.info\/index.php?rest_route=\/wp\/v2\/types\/product"}],"replies":[{"embeddable":true,"href":"http:\/\/shop.ihbt.info\/index.php?rest_route=%2Fwp%2Fv2%2Fcomments&post=248"}],"wp:featuredmedia":[{"embeddable":true,"href":"http:\/\/shop.ihbt.info\/index.php?rest_route=\/wp\/v2\/media\/249"}],"wp:attachment":[{"href":"http:\/\/shop.ihbt.info\/index.php?rest_route=%2Fwp%2Fv2%2Fmedia&parent=248"}],"wp:term":[{"taxonomy":"product_brand","embeddable":true,"href":"http:\/\/shop.ihbt.info\/index.php?rest_route=%2Fwp%2Fv2%2Fproduct_brand&post=248"},{"taxonomy":"product_cat","embeddable":true,"href":"http:\/\/shop.ihbt.info\/index.php?rest_route=%2Fwp%2Fv2%2Fproduct_cat&post=248"},{"taxonomy":"product_tag","embeddable":true,"href":"http:\/\/shop.ihbt.info\/index.php?rest_route=%2Fwp%2Fv2%2Fproduct_tag&post=248"}],"curies":[{"name":"wp","href":"https:\/\/api.w.org\/{rel}","templated":true}]}}