{"id":226,"date":"2017-09-11T17:02:50","date_gmt":"2017-09-11T15:02:50","guid":{"rendered":"http:\/\/shop.ihbt.info\/?post_type=product&#038;p=226"},"modified":"2023-11-02T13:56:36","modified_gmt":"2023-11-02T11:56:36","slug":"men-care-protein-mousse-strong-faktor-4","status":"publish","type":"product","link":"http:\/\/shop.ihbt.info\/?product=men-care-protein-mousse-strong-faktor-4","title":{"rendered":"PROTEIN MOUSSE STRONG FAKTOR 4"},"content":{"rendered":"<p>Dieser Multischaum l\u00e4sst sich als starker F\u00f6nfestiger, Modelliermasse oder zum Lufttrocken benutzen.<\/p>\n<p>Anwendung: <\/p>\n<p>Schaumkopf dr\u00fccken und eine Schaummenge in Golfballgr\u00f6\u00dfe auf die Handfl\u00e4che aufsch\u00e4umen.<br \/>\nSchaum gleichm\u00e4\u00dfig auf das gewaschene, Handtuchtrockene Haar verteilen.<\/p>\n","protected":false},"excerpt":{"rendered":"<p>Dieser Multischaum l\u00e4sst sich als starker F\u00f6nfestiger, Modelliermasse oder zum Lufttrocken benutzen. Anwendung: Schaumkopf dr\u00fccken und eine Schaummenge in Golfballgr\u00f6\u00dfe auf die Handfl\u00e4che aufsch\u00e4umen. Schaum gleichm\u00e4\u00dfig auf das gewaschene, Handtuchtrockene Haar verteilen.<\/p>\n","protected":false},"featured_media":227,"comment_status":"closed","ping_status":"closed","template":"","meta":[],"product_brand":[],"product_cat":[30,29],"product_tag":[],"class_list":{"0":"post-226","1":"product","2":"type-product","3":"status-publish","4":"has-post-thumbnail","6":"product_cat-men-care","7":"product_cat-styling","9":"first","10":"instock","11":"taxable","12":"shipping-taxable","13":"purchasable","14":"product-type-simple"},"_links":{"self":[{"href":"http:\/\/shop.ihbt.info\/index.php?rest_route=\/wp\/v2\/product\/226","targetHints":{"allow":["GET"]}}],"collection":[{"href":"http:\/\/shop.ihbt.info\/index.php?rest_route=\/wp\/v2\/product"}],"about":[{"href":"http:\/\/shop.ihbt.info\/index.php?rest_route=\/wp\/v2\/types\/product"}],"replies":[{"embeddable":true,"href":"http:\/\/shop.ihbt.info\/index.php?rest_route=%2Fwp%2Fv2%2Fcomments&post=226"}],"wp:featuredmedia":[{"embeddable":true,"href":"http:\/\/shop.ihbt.info\/index.php?rest_route=\/wp\/v2\/media\/227"}],"wp:attachment":[{"href":"http:\/\/shop.ihbt.info\/index.php?rest_route=%2Fwp%2Fv2%2Fmedia&parent=226"}],"wp:term":[{"taxonomy":"product_brand","embeddable":true,"href":"http:\/\/shop.ihbt.info\/index.php?rest_route=%2Fwp%2Fv2%2Fproduct_brand&post=226"},{"taxonomy":"product_cat","embeddable":true,"href":"http:\/\/shop.ihbt.info\/index.php?rest_route=%2Fwp%2Fv2%2Fproduct_cat&post=226"},{"taxonomy":"product_tag","embeddable":true,"href":"http:\/\/shop.ihbt.info\/index.php?rest_route=%2Fwp%2Fv2%2Fproduct_tag&post=226"}],"curies":[{"name":"wp","href":"https:\/\/api.w.org\/{rel}","templated":true}]}}