{"id":207,"date":"2017-05-25T00:16:59","date_gmt":"2017-05-24T22:16:59","guid":{"rendered":"http:\/\/shop.ihbt.info\/?post_type=product&#038;p=207"},"modified":"2023-11-02T13:56:56","modified_gmt":"2023-11-02T11:56:56","slug":"crosswiry-factor-3","status":"publish","type":"product","link":"http:\/\/shop.ihbt.info\/?product=crosswiry-factor-3","title":{"rendered":"CROSSWIRY FACTOR 3"},"content":{"rendered":"<p>Texturpaste f\u00fcr Halt und Volumen. Dieses Haar ist ideal f\u00fcr nat\u00fcrlich nicht gl\u00e4nzende Looks. Diese Plastisch wirkende Paste gibt fettfreie Spezialeffekte.<\/p>\n<p>Anwendung.<\/p>\n<p>Sparsam zwischen den Handfl\u00e4chen verreiben, dann ist stark frottierte oder trockene Haar ein modellieren.<\/p>\n","protected":false},"excerpt":{"rendered":"<p>Texturpaste f\u00fcr Halt und Volumen. Dieses Haar ist ideal f\u00fcr nat\u00fcrlich nicht gl\u00e4nzende Looks. Diese Plastisch wirkende Paste gibt fettfreie Spezialeffekte.<\/p>\n","protected":false},"featured_media":218,"comment_status":"closed","ping_status":"closed","template":"","meta":[],"product_brand":[],"product_cat":[29],"product_tag":[],"class_list":{"0":"post-207","1":"product","2":"type-product","3":"status-publish","4":"has-post-thumbnail","6":"product_cat-styling","8":"first","9":"instock","10":"taxable","11":"shipping-taxable","12":"purchasable","13":"product-type-simple"},"_links":{"self":[{"href":"http:\/\/shop.ihbt.info\/index.php?rest_route=\/wp\/v2\/product\/207","targetHints":{"allow":["GET"]}}],"collection":[{"href":"http:\/\/shop.ihbt.info\/index.php?rest_route=\/wp\/v2\/product"}],"about":[{"href":"http:\/\/shop.ihbt.info\/index.php?rest_route=\/wp\/v2\/types\/product"}],"replies":[{"embeddable":true,"href":"http:\/\/shop.ihbt.info\/index.php?rest_route=%2Fwp%2Fv2%2Fcomments&post=207"}],"wp:featuredmedia":[{"embeddable":true,"href":"http:\/\/shop.ihbt.info\/index.php?rest_route=\/wp\/v2\/media\/218"}],"wp:attachment":[{"href":"http:\/\/shop.ihbt.info\/index.php?rest_route=%2Fwp%2Fv2%2Fmedia&parent=207"}],"wp:term":[{"taxonomy":"product_brand","embeddable":true,"href":"http:\/\/shop.ihbt.info\/index.php?rest_route=%2Fwp%2Fv2%2Fproduct_brand&post=207"},{"taxonomy":"product_cat","embeddable":true,"href":"http:\/\/shop.ihbt.info\/index.php?rest_route=%2Fwp%2Fv2%2Fproduct_cat&post=207"},{"taxonomy":"product_tag","embeddable":true,"href":"http:\/\/shop.ihbt.info\/index.php?rest_route=%2Fwp%2Fv2%2Fproduct_tag&post=207"}],"curies":[{"name":"wp","href":"https:\/\/api.w.org\/{rel}","templated":true}]}}