{"id":205,"date":"2017-05-25T00:15:34","date_gmt":"2017-05-24T22:15:34","guid":{"rendered":"http:\/\/shop.ihbt.info\/?post_type=product&#038;p=205"},"modified":"2023-11-02T13:57:44","modified_gmt":"2023-11-02T11:57:44","slug":"hairdom-glosstonic-spezial","status":"publish","type":"product","link":"http:\/\/shop.ihbt.info\/?product=hairdom-glosstonic-spezial","title":{"rendered":"HAIRDOM GLOSS TONIC SPEZIAL"},"content":{"rendered":"<p>Glosstonic Spezial ist ein v\u00f6llig neuartiges Pflege und Finishprodukt mit sp\u00fcrbarer Sofortwirkung. Dieses Spray wurde entwickelt um glanzlosem strukturgesch\u00e4digtem Haar neuen Schwung und Reflex shining zu geben. Das Haar wird durch einen Mikrofilm von Pflegestoffen sanft umh\u00fcllt und gesch\u00fctzt. Dermatologisch getestet.<\/p>\n","protected":false},"excerpt":{"rendered":"<p>Glosstonic Spezial ist ein v\u00f6llig neuartiges Pflege und Finishprodukt mit sp\u00fcrbarer Sofortwirkung. Dieses Spray wurde entwickelt um glanzlosem strukturgesch\u00e4digtem Haar neuen Schwung und Reflex shining zu geben.<\/p>\n","protected":false},"featured_media":219,"comment_status":"closed","ping_status":"closed","template":"","meta":[],"product_brand":[],"product_cat":[28,29],"product_tag":[],"class_list":{"0":"post-205","1":"product","2":"type-product","3":"status-publish","4":"has-post-thumbnail","6":"product_cat-conditioning","7":"product_cat-styling","9":"first","10":"instock","11":"taxable","12":"shipping-taxable","13":"purchasable","14":"product-type-simple"},"_links":{"self":[{"href":"http:\/\/shop.ihbt.info\/index.php?rest_route=\/wp\/v2\/product\/205","targetHints":{"allow":["GET"]}}],"collection":[{"href":"http:\/\/shop.ihbt.info\/index.php?rest_route=\/wp\/v2\/product"}],"about":[{"href":"http:\/\/shop.ihbt.info\/index.php?rest_route=\/wp\/v2\/types\/product"}],"replies":[{"embeddable":true,"href":"http:\/\/shop.ihbt.info\/index.php?rest_route=%2Fwp%2Fv2%2Fcomments&post=205"}],"wp:featuredmedia":[{"embeddable":true,"href":"http:\/\/shop.ihbt.info\/index.php?rest_route=\/wp\/v2\/media\/219"}],"wp:attachment":[{"href":"http:\/\/shop.ihbt.info\/index.php?rest_route=%2Fwp%2Fv2%2Fmedia&parent=205"}],"wp:term":[{"taxonomy":"product_brand","embeddable":true,"href":"http:\/\/shop.ihbt.info\/index.php?rest_route=%2Fwp%2Fv2%2Fproduct_brand&post=205"},{"taxonomy":"product_cat","embeddable":true,"href":"http:\/\/shop.ihbt.info\/index.php?rest_route=%2Fwp%2Fv2%2Fproduct_cat&post=205"},{"taxonomy":"product_tag","embeddable":true,"href":"http:\/\/shop.ihbt.info\/index.php?rest_route=%2Fwp%2Fv2%2Fproduct_tag&post=205"}],"curies":[{"name":"wp","href":"https:\/\/api.w.org\/{rel}","templated":true}]}}