{"id":204,"date":"2017-05-25T00:14:48","date_gmt":"2017-05-24T23:14:48","guid":{"rendered":"http:\/\/shop.ihbt.info\/?post_type=product&#038;p=204"},"modified":"2023-11-02T13:58:00","modified_gmt":"2023-11-02T11:58:00","slug":"caribean-wax-50ml-factor-1","status":"publish","type":"product","link":"http:\/\/shop.ihbt.info\/?product=caribean-wax-50ml-factor-1","title":{"rendered":"CARIBEAN WAX 50ml FACTOR 3"},"content":{"rendered":"<p>Glanz und Pflege f\u00fcr flexiblen Halt. Dieses Wax gibt dem Haar Glanz, Pflege und Stand. Es verleiht geb\u00fcndelte Struktur und Form ohne zu verkleben. Ideal auch f\u00fcr Urlaub und Sonne. Sch\u00fctzt vor Austrocknung! Einfach auswaschbar. Dermatologisch getestet<\/p>\n<p>Anwendung:<\/p>\n<p>Sparsam zwischen den Handfl\u00e4chen warmreiben und ins Haar einarbeiten.<\/p>\n","protected":false},"excerpt":{"rendered":"<p>Glanz und Pflege f\u00fcr flexiblen Halt. Dieses Wax gibt dem Haar Glanz, Pflege und Stand. Es verleiht geb\u00fcndelte Struktur und Form ohne zu verkleben. Ideal auch f\u00fcr Urlaub und Sonne. Sch\u00fctzt vor Austrocknung! Einfach auswaschbar. Dermatologisch getestet<\/p>\n","protected":false},"featured_media":215,"comment_status":"closed","ping_status":"closed","template":"","meta":[],"product_brand":[],"product_cat":[29],"product_tag":[],"class_list":{"0":"post-204","1":"product","2":"type-product","3":"status-publish","4":"has-post-thumbnail","6":"product_cat-styling","8":"first","9":"instock","10":"taxable","11":"shipping-taxable","12":"purchasable","13":"product-type-simple"},"_links":{"self":[{"href":"http:\/\/shop.ihbt.info\/index.php?rest_route=\/wp\/v2\/product\/204","targetHints":{"allow":["GET"]}}],"collection":[{"href":"http:\/\/shop.ihbt.info\/index.php?rest_route=\/wp\/v2\/product"}],"about":[{"href":"http:\/\/shop.ihbt.info\/index.php?rest_route=\/wp\/v2\/types\/product"}],"replies":[{"embeddable":true,"href":"http:\/\/shop.ihbt.info\/index.php?rest_route=%2Fwp%2Fv2%2Fcomments&post=204"}],"wp:featuredmedia":[{"embeddable":true,"href":"http:\/\/shop.ihbt.info\/index.php?rest_route=\/wp\/v2\/media\/215"}],"wp:attachment":[{"href":"http:\/\/shop.ihbt.info\/index.php?rest_route=%2Fwp%2Fv2%2Fmedia&parent=204"}],"wp:term":[{"taxonomy":"product_brand","embeddable":true,"href":"http:\/\/shop.ihbt.info\/index.php?rest_route=%2Fwp%2Fv2%2Fproduct_brand&post=204"},{"taxonomy":"product_cat","embeddable":true,"href":"http:\/\/shop.ihbt.info\/index.php?rest_route=%2Fwp%2Fv2%2Fproduct_cat&post=204"},{"taxonomy":"product_tag","embeddable":true,"href":"http:\/\/shop.ihbt.info\/index.php?rest_route=%2Fwp%2Fv2%2Fproduct_tag&post=204"}],"curies":[{"name":"wp","href":"https:\/\/api.w.org\/{rel}","templated":true}]}}