{"id":196,"date":"2017-05-25T00:02:45","date_gmt":"2017-05-24T22:02:45","guid":{"rendered":"http:\/\/shop.ihbt.info\/?post_type=product&#038;p=196"},"modified":"2023-11-02T14:02:54","modified_gmt":"2023-11-02T12:02:54","slug":"hairdom-men-care-aktive-shampoo-250-ml","status":"publish","type":"product","link":"http:\/\/shop.ihbt.info\/?product=hairdom-men-care-aktive-shampoo-250-ml","title":{"rendered":"MEN CARE AKTIVE SHAMPOO 250 ml"},"content":{"rendered":"<p>Mencare Aktive Shampoo verf\u00fcgt \u00fcber eine kr\u00e4ftigende Formulierung, welche die Gesundheit von Haar und Kopfhaut unterst\u00fctzt.<\/p>\n<p>Durch den Einsatz von Coffein wird das Haarwachstum gef\u00f6rdert und die Kopfhaut bedingter Haarausfall durch die Anwendung von Coffein gebremst wird.<\/p>\n<p>Zus\u00e4tzlich verleiht Mencare Aktive Shampoo dem Haar seidigen Glanz und ist so mild, dass es selbst bei trockener Kopfhaut t\u00e4glich angewendet werden kann.<\/p>\n<p>Anwendung:<\/p>\n<p>Das Shampoo gleichm\u00e4\u00dfig ins feuchte Haar einmassieren. Gr\u00fcndlich einwirken lassen. Danach wie gewohnt aussp\u00fclen.<\/p>\n","protected":false},"excerpt":{"rendered":"<p>Mencare Aktive Shampoo verf\u00fcgt \u00fcber eine kr\u00e4ftigende Formulierung, welche die Gesundheit von Haar und Kopfhaut unterst\u00fctzt.<\/p>\n","protected":false},"featured_media":152,"comment_status":"closed","ping_status":"closed","template":"","meta":[],"product_brand":[],"product_cat":[30,12],"product_tag":[],"class_list":{"0":"post-196","1":"product","2":"type-product","3":"status-publish","4":"has-post-thumbnail","6":"product_cat-men-care","7":"product_cat-shampoo","9":"first","10":"instock","11":"taxable","12":"shipping-taxable","13":"purchasable","14":"product-type-simple"},"_links":{"self":[{"href":"http:\/\/shop.ihbt.info\/index.php?rest_route=\/wp\/v2\/product\/196","targetHints":{"allow":["GET"]}}],"collection":[{"href":"http:\/\/shop.ihbt.info\/index.php?rest_route=\/wp\/v2\/product"}],"about":[{"href":"http:\/\/shop.ihbt.info\/index.php?rest_route=\/wp\/v2\/types\/product"}],"replies":[{"embeddable":true,"href":"http:\/\/shop.ihbt.info\/index.php?rest_route=%2Fwp%2Fv2%2Fcomments&post=196"}],"wp:featuredmedia":[{"embeddable":true,"href":"http:\/\/shop.ihbt.info\/index.php?rest_route=\/wp\/v2\/media\/152"}],"wp:attachment":[{"href":"http:\/\/shop.ihbt.info\/index.php?rest_route=%2Fwp%2Fv2%2Fmedia&parent=196"}],"wp:term":[{"taxonomy":"product_brand","embeddable":true,"href":"http:\/\/shop.ihbt.info\/index.php?rest_route=%2Fwp%2Fv2%2Fproduct_brand&post=196"},{"taxonomy":"product_cat","embeddable":true,"href":"http:\/\/shop.ihbt.info\/index.php?rest_route=%2Fwp%2Fv2%2Fproduct_cat&post=196"},{"taxonomy":"product_tag","embeddable":true,"href":"http:\/\/shop.ihbt.info\/index.php?rest_route=%2Fwp%2Fv2%2Fproduct_tag&post=196"}],"curies":[{"name":"wp","href":"https:\/\/api.w.org\/{rel}","templated":true}]}}