{"id":195,"date":"2017-05-24T23:58:35","date_gmt":"2017-05-24T21:58:35","guid":{"rendered":"http:\/\/shop.ihbt.info\/?post_type=product&#038;p=195"},"modified":"2023-11-02T14:03:17","modified_gmt":"2023-11-02T12:03:17","slug":"new-care-church-gum-100ml","status":"publish","type":"product","link":"http:\/\/shop.ihbt.info\/?product=new-care-church-gum-100ml","title":{"rendered":"NEW CARE CHURCH POWER GUM 100ml"},"content":{"rendered":"<p>Gibt ultrastarken Halt und ultimative Kontrolle. Einfache Anwendung, nicht fettend und ohne Alkohol.<\/p>\n<p>Ideal als Ansatzgel f\u00fcr Halt und F\u00fclle entweder ins Nasse oder trockene Haar einarbeiten.<\/p>\n<p>Am n\u00e4chsten Tag mit feuchten H\u00e4nden aktivieren und nachstylen m\u00f6glich.<\/p>\n","protected":false},"excerpt":{"rendered":"<p>Gibt ultrastarken Halt und ultimative Kontrolle. Einfache Anwendung, nicht fettend und ohne Alkohol. Ideal als Ansatzgel f\u00fcr Halt und F\u00fclle entweder ins Nasse oder trockene Haar einarbeiten.<\/p>\n","protected":false},"featured_media":286,"comment_status":"closed","ping_status":"closed","template":"","meta":[],"product_brand":[],"product_cat":[29],"product_tag":[],"class_list":{"0":"post-195","1":"product","2":"type-product","3":"status-publish","4":"has-post-thumbnail","6":"product_cat-styling","8":"first","9":"instock","10":"taxable","11":"shipping-taxable","12":"purchasable","13":"product-type-simple"},"_links":{"self":[{"href":"http:\/\/shop.ihbt.info\/index.php?rest_route=\/wp\/v2\/product\/195","targetHints":{"allow":["GET"]}}],"collection":[{"href":"http:\/\/shop.ihbt.info\/index.php?rest_route=\/wp\/v2\/product"}],"about":[{"href":"http:\/\/shop.ihbt.info\/index.php?rest_route=\/wp\/v2\/types\/product"}],"replies":[{"embeddable":true,"href":"http:\/\/shop.ihbt.info\/index.php?rest_route=%2Fwp%2Fv2%2Fcomments&post=195"}],"wp:featuredmedia":[{"embeddable":true,"href":"http:\/\/shop.ihbt.info\/index.php?rest_route=\/wp\/v2\/media\/286"}],"wp:attachment":[{"href":"http:\/\/shop.ihbt.info\/index.php?rest_route=%2Fwp%2Fv2%2Fmedia&parent=195"}],"wp:term":[{"taxonomy":"product_brand","embeddable":true,"href":"http:\/\/shop.ihbt.info\/index.php?rest_route=%2Fwp%2Fv2%2Fproduct_brand&post=195"},{"taxonomy":"product_cat","embeddable":true,"href":"http:\/\/shop.ihbt.info\/index.php?rest_route=%2Fwp%2Fv2%2Fproduct_cat&post=195"},{"taxonomy":"product_tag","embeddable":true,"href":"http:\/\/shop.ihbt.info\/index.php?rest_route=%2Fwp%2Fv2%2Fproduct_tag&post=195"}],"curies":[{"name":"wp","href":"https:\/\/api.w.org\/{rel}","templated":true}]}}