{"id":194,"date":"2017-05-24T23:46:50","date_gmt":"2017-05-24T21:46:50","guid":{"rendered":"http:\/\/shop.ihbt.info\/?post_type=product&#038;p=194"},"modified":"2023-11-02T14:04:14","modified_gmt":"2023-11-02T12:04:14","slug":"men-care-strong-spiritgel-100ml","status":"publish","type":"product","link":"http:\/\/shop.ihbt.info\/?product=men-care-strong-spiritgel-100ml","title":{"rendered":"MEN CARE STRONG SPIRIT GEL 100ml"},"content":{"rendered":"<p>Men Care Strong Spiritgel ist ein Gel f\u00fcr stylische Frisuren<\/p>\n<p>Anwendung:<\/p>\n<p>Verteilen Sie das Gel entweder partienm\u00e4ssig oder gleichm\u00e4\u00dfig im Haar. Man kann es f\u00f6hnen oder lufttrocknen lassen. Es l\u00e4sst sich t\u00e4glich nachstylen und r\u00fcckstandlos ausk\u00e4mmen und waschen.<\/p>\n","protected":false},"excerpt":{"rendered":"<p>Men Care Strong Spiritgel ist ein Gel f\u00fcr stylische Frisuren<\/p>\n","protected":false},"featured_media":214,"comment_status":"closed","ping_status":"closed","template":"","meta":[],"product_brand":[],"product_cat":[30,29],"product_tag":[],"class_list":{"0":"post-194","1":"product","2":"type-product","3":"status-publish","4":"has-post-thumbnail","6":"product_cat-men-care","7":"product_cat-styling","9":"first","10":"instock","11":"taxable","12":"shipping-taxable","13":"purchasable","14":"product-type-simple"},"_links":{"self":[{"href":"http:\/\/shop.ihbt.info\/index.php?rest_route=\/wp\/v2\/product\/194","targetHints":{"allow":["GET"]}}],"collection":[{"href":"http:\/\/shop.ihbt.info\/index.php?rest_route=\/wp\/v2\/product"}],"about":[{"href":"http:\/\/shop.ihbt.info\/index.php?rest_route=\/wp\/v2\/types\/product"}],"replies":[{"embeddable":true,"href":"http:\/\/shop.ihbt.info\/index.php?rest_route=%2Fwp%2Fv2%2Fcomments&post=194"}],"wp:featuredmedia":[{"embeddable":true,"href":"http:\/\/shop.ihbt.info\/index.php?rest_route=\/wp\/v2\/media\/214"}],"wp:attachment":[{"href":"http:\/\/shop.ihbt.info\/index.php?rest_route=%2Fwp%2Fv2%2Fmedia&parent=194"}],"wp:term":[{"taxonomy":"product_brand","embeddable":true,"href":"http:\/\/shop.ihbt.info\/index.php?rest_route=%2Fwp%2Fv2%2Fproduct_brand&post=194"},{"taxonomy":"product_cat","embeddable":true,"href":"http:\/\/shop.ihbt.info\/index.php?rest_route=%2Fwp%2Fv2%2Fproduct_cat&post=194"},{"taxonomy":"product_tag","embeddable":true,"href":"http:\/\/shop.ihbt.info\/index.php?rest_route=%2Fwp%2Fv2%2Fproduct_tag&post=194"}],"curies":[{"name":"wp","href":"https:\/\/api.w.org\/{rel}","templated":true}]}}