{"id":193,"date":"2017-05-24T23:44:35","date_gmt":"2017-05-24T21:44:35","guid":{"rendered":"http:\/\/shop.ihbt.info\/?post_type=product&#038;p=193"},"modified":"2023-11-02T14:04:52","modified_gmt":"2023-11-02T12:04:52","slug":"hairdom-protein-mousse-strong-200ml-factor-4","status":"publish","type":"product","link":"http:\/\/shop.ihbt.info\/?product=hairdom-protein-mousse-strong-200ml-factor-4","title":{"rendered":"PROTEIN MOUSSE STRONG 200ml FACTOR 4"},"content":{"rendered":"<p>Dieser Multischaum l\u00e4sst sich al sein starker F\u00f6hnfestiger, Modelliermasse oder zum lufttrocknen benutzen.<\/p>\n<p>Anwendung:<\/p>\n<p>Flasche gerade halten. Nicht sch\u00fctteln und durch das Dr\u00fccken des Schaumkopfes pumpen. Den Schaum gleichm\u00e4\u00dfig im gewaschenen Haar verteilen. Dermatologisch getestet.<\/p>\n","protected":false},"excerpt":{"rendered":"<p>Dieser Multischaum l\u00e4sst sich al sein starker F\u00f6hnfestiger, Modelliermasse oder zum lufttrocknen benutzen.<\/p>\n","protected":false},"featured_media":157,"comment_status":"closed","ping_status":"closed","template":"","meta":[],"product_brand":[],"product_cat":[29],"product_tag":[],"class_list":{"0":"post-193","1":"product","2":"type-product","3":"status-publish","4":"has-post-thumbnail","6":"product_cat-styling","8":"first","9":"instock","10":"taxable","11":"shipping-taxable","12":"purchasable","13":"product-type-simple"},"_links":{"self":[{"href":"http:\/\/shop.ihbt.info\/index.php?rest_route=\/wp\/v2\/product\/193","targetHints":{"allow":["GET"]}}],"collection":[{"href":"http:\/\/shop.ihbt.info\/index.php?rest_route=\/wp\/v2\/product"}],"about":[{"href":"http:\/\/shop.ihbt.info\/index.php?rest_route=\/wp\/v2\/types\/product"}],"replies":[{"embeddable":true,"href":"http:\/\/shop.ihbt.info\/index.php?rest_route=%2Fwp%2Fv2%2Fcomments&post=193"}],"wp:featuredmedia":[{"embeddable":true,"href":"http:\/\/shop.ihbt.info\/index.php?rest_route=\/wp\/v2\/media\/157"}],"wp:attachment":[{"href":"http:\/\/shop.ihbt.info\/index.php?rest_route=%2Fwp%2Fv2%2Fmedia&parent=193"}],"wp:term":[{"taxonomy":"product_brand","embeddable":true,"href":"http:\/\/shop.ihbt.info\/index.php?rest_route=%2Fwp%2Fv2%2Fproduct_brand&post=193"},{"taxonomy":"product_cat","embeddable":true,"href":"http:\/\/shop.ihbt.info\/index.php?rest_route=%2Fwp%2Fv2%2Fproduct_cat&post=193"},{"taxonomy":"product_tag","embeddable":true,"href":"http:\/\/shop.ihbt.info\/index.php?rest_route=%2Fwp%2Fv2%2Fproduct_tag&post=193"}],"curies":[{"name":"wp","href":"https:\/\/api.w.org\/{rel}","templated":true}]}}