{"id":192,"date":"2017-05-24T23:39:26","date_gmt":"2017-05-24T21:39:26","guid":{"rendered":"http:\/\/shop.ihbt.info\/?post_type=product&#038;p=192"},"modified":"2023-11-02T14:05:59","modified_gmt":"2023-11-02T12:05:59","slug":"merak-blowing-spray-300ml-factor-3","status":"publish","type":"product","link":"http:\/\/shop.ihbt.info\/?product=merak-blowing-spray-300ml-factor-3","title":{"rendered":"MERAK BLOWING SPRAY 300ml FACTOR 3"},"content":{"rendered":"<p>Haarspray f\u00fcr nat\u00fcrlich dynamischen Halt. Nicht belastende Filmbildner sorgen f\u00fcr volumin\u00f6se Formgebung. Gibt brillanten Glanz und bel\u00e4sst dem Haar einfache K\u00e4mmbarkeit.<\/p>\n<p>Anwendung:<\/p>\n<p>Ins trockene Haar spr\u00fchen. Mit Mikrozerst\u00e4ubung.<\/p>\n","protected":false},"excerpt":{"rendered":"<p>Haarspray f\u00fcr nat\u00fcrlich dynamischen Halt. Nicht belastende Filmbildner sorgen f\u00fcr volumin\u00f6se Formgebung.<\/p>\n","protected":false},"featured_media":220,"comment_status":"closed","ping_status":"closed","template":"","meta":[],"product_brand":[],"product_cat":[29],"product_tag":[],"class_list":{"0":"post-192","1":"product","2":"type-product","3":"status-publish","4":"has-post-thumbnail","6":"product_cat-styling","8":"first","9":"instock","10":"taxable","11":"shipping-taxable","12":"purchasable","13":"product-type-simple"},"_links":{"self":[{"href":"http:\/\/shop.ihbt.info\/index.php?rest_route=\/wp\/v2\/product\/192","targetHints":{"allow":["GET"]}}],"collection":[{"href":"http:\/\/shop.ihbt.info\/index.php?rest_route=\/wp\/v2\/product"}],"about":[{"href":"http:\/\/shop.ihbt.info\/index.php?rest_route=\/wp\/v2\/types\/product"}],"replies":[{"embeddable":true,"href":"http:\/\/shop.ihbt.info\/index.php?rest_route=%2Fwp%2Fv2%2Fcomments&post=192"}],"wp:featuredmedia":[{"embeddable":true,"href":"http:\/\/shop.ihbt.info\/index.php?rest_route=\/wp\/v2\/media\/220"}],"wp:attachment":[{"href":"http:\/\/shop.ihbt.info\/index.php?rest_route=%2Fwp%2Fv2%2Fmedia&parent=192"}],"wp:term":[{"taxonomy":"product_brand","embeddable":true,"href":"http:\/\/shop.ihbt.info\/index.php?rest_route=%2Fwp%2Fv2%2Fproduct_brand&post=192"},{"taxonomy":"product_cat","embeddable":true,"href":"http:\/\/shop.ihbt.info\/index.php?rest_route=%2Fwp%2Fv2%2Fproduct_cat&post=192"},{"taxonomy":"product_tag","embeddable":true,"href":"http:\/\/shop.ihbt.info\/index.php?rest_route=%2Fwp%2Fv2%2Fproduct_tag&post=192"}],"curies":[{"name":"wp","href":"https:\/\/api.w.org\/{rel}","templated":true}]}}