{"id":190,"date":"2017-05-24T23:37:10","date_gmt":"2017-05-24T21:37:10","guid":{"rendered":"http:\/\/shop.ihbt.info\/?post_type=product&#038;p=190"},"modified":"2023-11-02T14:06:44","modified_gmt":"2023-11-02T12:06:44","slug":"polish-glossy-spray-150ml-factor-3","status":"publish","type":"product","link":"http:\/\/shop.ihbt.info\/?product=polish-glossy-spray-150ml-factor-3","title":{"rendered":"POLISH GLOSSY SPRAY 150ml FACTOR 3"},"content":{"rendered":"<p>Definiert Locken, beruhigt Naturwellen, b\u00e4ndigt st\u00f6rrisches Haar und sch\u00fctzt gegl\u00e4ttetes Haar vor dem Aufkrausen. Kombiniert die Kontrolle eines Wachses mit der Einfachheit eines Sprays.<\/p>\n<p>Anwendung:<\/p>\n<p>Ins trockene Haar geben<\/p>\n","protected":false},"excerpt":{"rendered":"<p>Definiert Locken, beruhigt Naturwellen, b\u00e4ndigt st\u00f6rrisches Haar und sch\u00fctzt gegl\u00e4ttetes Haar vor dem Aufkrausen.<\/p>\n","protected":false},"featured_media":287,"comment_status":"closed","ping_status":"closed","template":"","meta":[],"product_brand":[],"product_cat":[28,29],"product_tag":[],"class_list":{"0":"post-190","1":"product","2":"type-product","3":"status-publish","4":"has-post-thumbnail","6":"product_cat-conditioning","7":"product_cat-styling","9":"first","10":"instock","11":"taxable","12":"shipping-taxable","13":"purchasable","14":"product-type-simple"},"_links":{"self":[{"href":"http:\/\/shop.ihbt.info\/index.php?rest_route=\/wp\/v2\/product\/190","targetHints":{"allow":["GET"]}}],"collection":[{"href":"http:\/\/shop.ihbt.info\/index.php?rest_route=\/wp\/v2\/product"}],"about":[{"href":"http:\/\/shop.ihbt.info\/index.php?rest_route=\/wp\/v2\/types\/product"}],"replies":[{"embeddable":true,"href":"http:\/\/shop.ihbt.info\/index.php?rest_route=%2Fwp%2Fv2%2Fcomments&post=190"}],"wp:featuredmedia":[{"embeddable":true,"href":"http:\/\/shop.ihbt.info\/index.php?rest_route=\/wp\/v2\/media\/287"}],"wp:attachment":[{"href":"http:\/\/shop.ihbt.info\/index.php?rest_route=%2Fwp%2Fv2%2Fmedia&parent=190"}],"wp:term":[{"taxonomy":"product_brand","embeddable":true,"href":"http:\/\/shop.ihbt.info\/index.php?rest_route=%2Fwp%2Fv2%2Fproduct_brand&post=190"},{"taxonomy":"product_cat","embeddable":true,"href":"http:\/\/shop.ihbt.info\/index.php?rest_route=%2Fwp%2Fv2%2Fproduct_cat&post=190"},{"taxonomy":"product_tag","embeddable":true,"href":"http:\/\/shop.ihbt.info\/index.php?rest_route=%2Fwp%2Fv2%2Fproduct_tag&post=190"}],"curies":[{"name":"wp","href":"https:\/\/api.w.org\/{rel}","templated":true}]}}