{"id":189,"date":"2017-05-24T23:34:59","date_gmt":"2017-05-24T21:34:59","guid":{"rendered":"http:\/\/shop.ihbt.info\/?post_type=product&#038;p=189"},"modified":"2023-11-02T14:07:01","modified_gmt":"2023-11-02T12:07:01","slug":"double-care-mask-100ml-nr-6","status":"publish","type":"product","link":"http:\/\/shop.ihbt.info\/?product=double-care-mask-100ml-nr-6","title":{"rendered":"DOUBLE CARE MASK 100ml NR. 6"},"content":{"rendered":"<p>Feuchtigkeitsspendende, pflegende Styling Cr\u00e8me f\u00fcr flexiblen Halt und F\u00fclle.<\/p>\n<p>F\u00fcr jeden Haartyp geeignet.<\/p>\n<p>Anwendung:<\/p>\n<p>Ins frottierte oder trockene Haar geben, danach lufttrocknen lassen oder f\u00f6hnen.<\/p>\n","protected":false},"excerpt":{"rendered":"<p>Feuchtigkeitsspendende, pflegende Styling Cr\u00e8me f\u00fcr flexiblen Halt und F\u00fclle.<\/p>\n","protected":false},"featured_media":163,"comment_status":"closed","ping_status":"closed","template":"","meta":[],"product_brand":[],"product_cat":[28,29],"product_tag":[],"class_list":{"0":"post-189","1":"product","2":"type-product","3":"status-publish","4":"has-post-thumbnail","6":"product_cat-conditioning","7":"product_cat-styling","9":"first","10":"instock","11":"taxable","12":"shipping-taxable","13":"purchasable","14":"product-type-simple"},"_links":{"self":[{"href":"http:\/\/shop.ihbt.info\/index.php?rest_route=\/wp\/v2\/product\/189","targetHints":{"allow":["GET"]}}],"collection":[{"href":"http:\/\/shop.ihbt.info\/index.php?rest_route=\/wp\/v2\/product"}],"about":[{"href":"http:\/\/shop.ihbt.info\/index.php?rest_route=\/wp\/v2\/types\/product"}],"replies":[{"embeddable":true,"href":"http:\/\/shop.ihbt.info\/index.php?rest_route=%2Fwp%2Fv2%2Fcomments&post=189"}],"wp:featuredmedia":[{"embeddable":true,"href":"http:\/\/shop.ihbt.info\/index.php?rest_route=\/wp\/v2\/media\/163"}],"wp:attachment":[{"href":"http:\/\/shop.ihbt.info\/index.php?rest_route=%2Fwp%2Fv2%2Fmedia&parent=189"}],"wp:term":[{"taxonomy":"product_brand","embeddable":true,"href":"http:\/\/shop.ihbt.info\/index.php?rest_route=%2Fwp%2Fv2%2Fproduct_brand&post=189"},{"taxonomy":"product_cat","embeddable":true,"href":"http:\/\/shop.ihbt.info\/index.php?rest_route=%2Fwp%2Fv2%2Fproduct_cat&post=189"},{"taxonomy":"product_tag","embeddable":true,"href":"http:\/\/shop.ihbt.info\/index.php?rest_route=%2Fwp%2Fv2%2Fproduct_tag&post=189"}],"curies":[{"name":"wp","href":"https:\/\/api.w.org\/{rel}","templated":true}]}}