{"id":185,"date":"2017-05-24T16:44:10","date_gmt":"2017-05-24T14:44:10","guid":{"rendered":"http:\/\/shop.ihbt.info\/?post_type=product&#038;p=185"},"modified":"2023-11-02T14:07:48","modified_gmt":"2023-11-02T12:07:48","slug":"colorcare-duo-tape-protector-200ml","status":"publish","type":"product","link":"http:\/\/shop.ihbt.info\/?product=colorcare-duo-tape-protector-200ml","title":{"rendered":"COLOR CARE DUO TAPE PROTECTOR 200ml"},"content":{"rendered":"<p>Duo Protector enth\u00e4lt eine hochwirksame Kombination vor milden Substanzen. Diese Pflegestoffe bewirken das farblich behandeltes Harr oder gesch\u00e4digtes Haar ideal k\u00e4mmbar wird und die Farbe und der Glanz l\u00e4nger h\u00e4lt.<\/p>\n<p>Anwendung:<\/p>\n<p>Kr\u00e4ftig aufsch\u00fctteln und von etwa 20 cm Entfernung auf die L\u00e4ngen und Spitzen aufspr\u00fchen, eink\u00e4mmen und nicht aussp\u00fclen.<\/p>\n","protected":false},"excerpt":{"rendered":"<p>Duo Protector enth\u00e4lt eine hochwirksame Kombination vor milden Substanzen. Diese Pflegestoffe bewirken das farblich behandeltes Harr oder gesch\u00e4digtes Haar ideal k\u00e4mmbar wird und die Farbe und der Glanz l\u00e4nger h\u00e4lt.<\/p>\n","protected":false},"featured_media":148,"comment_status":"closed","ping_status":"closed","template":"","meta":[],"product_brand":[],"product_cat":[28],"product_tag":[],"class_list":{"0":"post-185","1":"product","2":"type-product","3":"status-publish","4":"has-post-thumbnail","6":"product_cat-conditioning","8":"first","9":"instock","10":"taxable","11":"shipping-taxable","12":"purchasable","13":"product-type-simple"},"_links":{"self":[{"href":"http:\/\/shop.ihbt.info\/index.php?rest_route=\/wp\/v2\/product\/185","targetHints":{"allow":["GET"]}}],"collection":[{"href":"http:\/\/shop.ihbt.info\/index.php?rest_route=\/wp\/v2\/product"}],"about":[{"href":"http:\/\/shop.ihbt.info\/index.php?rest_route=\/wp\/v2\/types\/product"}],"replies":[{"embeddable":true,"href":"http:\/\/shop.ihbt.info\/index.php?rest_route=%2Fwp%2Fv2%2Fcomments&post=185"}],"wp:featuredmedia":[{"embeddable":true,"href":"http:\/\/shop.ihbt.info\/index.php?rest_route=\/wp\/v2\/media\/148"}],"wp:attachment":[{"href":"http:\/\/shop.ihbt.info\/index.php?rest_route=%2Fwp%2Fv2%2Fmedia&parent=185"}],"wp:term":[{"taxonomy":"product_brand","embeddable":true,"href":"http:\/\/shop.ihbt.info\/index.php?rest_route=%2Fwp%2Fv2%2Fproduct_brand&post=185"},{"taxonomy":"product_cat","embeddable":true,"href":"http:\/\/shop.ihbt.info\/index.php?rest_route=%2Fwp%2Fv2%2Fproduct_cat&post=185"},{"taxonomy":"product_tag","embeddable":true,"href":"http:\/\/shop.ihbt.info\/index.php?rest_route=%2Fwp%2Fv2%2Fproduct_tag&post=185"}],"curies":[{"name":"wp","href":"https:\/\/api.w.org\/{rel}","templated":true}]}}