{"id":182,"date":"2017-05-24T16:38:47","date_gmt":"2017-05-24T15:38:47","guid":{"rendered":"http:\/\/shop.ihbt.info\/?post_type=product&#038;p=182"},"modified":"2023-11-02T14:09:24","modified_gmt":"2023-11-02T12:09:24","slug":"hairdom-ultraprotection-2-phasen-kur-200ml","status":"publish","type":"product","link":"http:\/\/shop.ihbt.info\/?product=hairdom-ultraprotection-2-phasen-kur-200ml","title":{"rendered":"ULTRA PROTECTION 2-PHASEN KUR 200ml"},"content":{"rendered":"<p>Diese 2 Phasen Spr\u00fchkur ist ideal f\u00fcr dauergewelltes, coloriertes und sehr trockenes Haar.<\/p>\n<p>Durch hochwirksame Stoffe wie Provitamin B5 und Ingwer \u2013 Extrakt wird das Haar gegl\u00e4ttet, gl\u00e4nzend und leicht k\u00e4mmbar.<\/p>\n<p>Anwendung:<\/p>\n<p>Kr\u00e4ftig aufsch\u00fctteln, aus 20 cm Entfernung auf das Haar spr\u00fchen, eink\u00e4mmen und nicht aussp\u00fclen. Ideal auch zum Auffrischen \u2013 f\u00fcr den Tag nach der Haarw\u00e4sche. Danach wie gewohnt f\u00f6hnen.<\/p>\n","protected":false},"excerpt":{"rendered":"<p>Diese 2 Phasen Spr\u00fchkur ist ideal f\u00fcr dauergewelltes, coloriertes und sehr trockenes Haar.<\/p>\n","protected":false},"featured_media":166,"comment_status":"closed","ping_status":"closed","template":"","meta":[],"product_brand":[],"product_cat":[28],"product_tag":[],"class_list":{"0":"post-182","1":"product","2":"type-product","3":"status-publish","4":"has-post-thumbnail","6":"product_cat-conditioning","8":"first","9":"instock","10":"taxable","11":"shipping-taxable","12":"purchasable","13":"product-type-simple"},"_links":{"self":[{"href":"http:\/\/shop.ihbt.info\/index.php?rest_route=\/wp\/v2\/product\/182","targetHints":{"allow":["GET"]}}],"collection":[{"href":"http:\/\/shop.ihbt.info\/index.php?rest_route=\/wp\/v2\/product"}],"about":[{"href":"http:\/\/shop.ihbt.info\/index.php?rest_route=\/wp\/v2\/types\/product"}],"replies":[{"embeddable":true,"href":"http:\/\/shop.ihbt.info\/index.php?rest_route=%2Fwp%2Fv2%2Fcomments&post=182"}],"wp:featuredmedia":[{"embeddable":true,"href":"http:\/\/shop.ihbt.info\/index.php?rest_route=\/wp\/v2\/media\/166"}],"wp:attachment":[{"href":"http:\/\/shop.ihbt.info\/index.php?rest_route=%2Fwp%2Fv2%2Fmedia&parent=182"}],"wp:term":[{"taxonomy":"product_brand","embeddable":true,"href":"http:\/\/shop.ihbt.info\/index.php?rest_route=%2Fwp%2Fv2%2Fproduct_brand&post=182"},{"taxonomy":"product_cat","embeddable":true,"href":"http:\/\/shop.ihbt.info\/index.php?rest_route=%2Fwp%2Fv2%2Fproduct_cat&post=182"},{"taxonomy":"product_tag","embeddable":true,"href":"http:\/\/shop.ihbt.info\/index.php?rest_route=%2Fwp%2Fv2%2Fproduct_tag&post=182"}],"curies":[{"name":"wp","href":"https:\/\/api.w.org\/{rel}","templated":true}]}}