{"id":178,"date":"2017-05-24T16:24:24","date_gmt":"2017-05-24T14:24:24","guid":{"rendered":"http:\/\/shop.ihbt.info\/?post_type=product&#038;p=178"},"modified":"2023-11-02T14:11:50","modified_gmt":"2023-11-02T12:11:50","slug":"sun-ultraproduktions-shampoo-200ml","status":"publish","type":"product","link":"http:\/\/shop.ihbt.info\/?product=sun-ultraproduktions-shampoo-200ml","title":{"rendered":"SUN ULTRA PRODUKTIONS SHAMPOO 200ml"},"content":{"rendered":"<p>Extra pflegendes Shampoo mit australischer Aspenzitrone Lillypilly und Davidsonpflaume. Sch\u00fctzt das Haar und l\u00f6st Salzwasser- und Chlorwasserr\u00fcckst\u00e4nde.<\/p>\n<p>Gibt strapaziertem Haar Schutz und Feuchtigkeit zur\u00fcck.<\/p>\n<p>Anwendung:<\/p>\n<p>2 \u2013 3 Minuten einwirken lassen. Danach gr\u00fcndlich aussp\u00fclen<\/p>\n","protected":false},"excerpt":{"rendered":"<p>Extra pflegendes Shampoo mit australischer Aspenzitrone Lillypilly und Davidsonpflaume. Sch\u00fctzt das Haar und l\u00f6st Salzwasser- und Chlorwasserr\u00fcckst\u00e4nde.<\/p>\n","protected":false},"featured_media":225,"comment_status":"closed","ping_status":"closed","template":"","meta":[],"product_brand":[],"product_cat":[12],"product_tag":[24],"class_list":{"0":"post-178","1":"product","2":"type-product","3":"status-publish","4":"has-post-thumbnail","6":"product_cat-shampoo","7":"product_tag-men-care","9":"first","10":"instock","11":"taxable","12":"shipping-taxable","13":"purchasable","14":"product-type-simple"},"_links":{"self":[{"href":"http:\/\/shop.ihbt.info\/index.php?rest_route=\/wp\/v2\/product\/178","targetHints":{"allow":["GET"]}}],"collection":[{"href":"http:\/\/shop.ihbt.info\/index.php?rest_route=\/wp\/v2\/product"}],"about":[{"href":"http:\/\/shop.ihbt.info\/index.php?rest_route=\/wp\/v2\/types\/product"}],"replies":[{"embeddable":true,"href":"http:\/\/shop.ihbt.info\/index.php?rest_route=%2Fwp%2Fv2%2Fcomments&post=178"}],"wp:featuredmedia":[{"embeddable":true,"href":"http:\/\/shop.ihbt.info\/index.php?rest_route=\/wp\/v2\/media\/225"}],"wp:attachment":[{"href":"http:\/\/shop.ihbt.info\/index.php?rest_route=%2Fwp%2Fv2%2Fmedia&parent=178"}],"wp:term":[{"taxonomy":"product_brand","embeddable":true,"href":"http:\/\/shop.ihbt.info\/index.php?rest_route=%2Fwp%2Fv2%2Fproduct_brand&post=178"},{"taxonomy":"product_cat","embeddable":true,"href":"http:\/\/shop.ihbt.info\/index.php?rest_route=%2Fwp%2Fv2%2Fproduct_cat&post=178"},{"taxonomy":"product_tag","embeddable":true,"href":"http:\/\/shop.ihbt.info\/index.php?rest_route=%2Fwp%2Fv2%2Fproduct_tag&post=178"}],"curies":[{"name":"wp","href":"https:\/\/api.w.org\/{rel}","templated":true}]}}