{"id":29,"date":"2012-10-26T22:15:26","date_gmt":"2012-10-26T22:15:26","guid":{"rendered":""},"modified":"2015-07-08T17:07:38","modified_gmt":"2015-07-08T16:07:38","slug":"datenschutz","status":"publish","type":"page","link":"http:\/\/shop.ihbt.info\/?page_id=29","title":{"rendered":"Datenschutz"},"content":{"rendered":"<p>Vielen Dank f\u00fcr Ihr Interesse an unserem Onlineauftritt.<\/p>\n<p>Der Schutz Ihrer pers\u00f6nlichen Daten liegt uns sehr am Herzen. An dieser Stelle m\u00f6chten wir Sie daher \u00fcber den Datenschutz in unserem Unternehmen<\/p>\n<p>I. H. B. T. International Hairlines Beauty Team,<br \/>\nInhaber Kurt Kettenring<br \/>\nHauptstr. 51<br \/>\n67714 Waldfischbach-Burgalben<br \/>\nTel: 06333-5005<br \/>\nFax: 06333-4520<br \/>\nE-Mail: info@ihbt.de<br \/>\nRegistergericht: Amtsgericht Zweibrucken, Register-Nr. HRB31143<br \/>\nUmsatzsteuer-Identifikationsnummer gem. \u00a7 27 a UstG: DE15006634<\/p>\n<p>informieren.<\/p>\n<p>Selbstverst\u00e4ndlich beachten wir die gesetzlichen Bestimmungen des Datenschutzgesetzes (BDSG), des Telemediengesetzes (TMG) u. a. datenschutzrechtlicher Bestimmungen.<\/p>\n<p><strong>Gegenstand des Datenschutzes<\/strong><\/p>\n<p>Gegenstand des Datenschutzes sind personenbezogene Daten. Diese sind nach \u00a7 3 Abs. 1 BDSG Einzelangaben \u00fcber pers\u00f6nliche oder sachliche Verh\u00e4ltnisse einer bestimmten oder bestimmbaren nat\u00fcrlichen Person.<\/p>\n<p>Hierunter fallen z. B. Angaben wie Name, Anschrift, E-Mail-Adresse, Telefonnummer oder Bankdaten, ggf. aber auch Nutzungsdaten wie Ihre IP-Adresse.<\/p>\n<p><strong>Allgemeiner Datenschutzhinweis<\/strong><\/p>\n<p>Wenn Sie den Internetauftritt der I.H.B.T aufrufen oder Daten von dieser Seite herunterladen, werden hier\u00fcber Informationen von uns in einer Protokolldatei gespeichert und verarbeitet. Dieser Vorgang erfolgt anonymisiert. R\u00fcckschl\u00fcsse auf Ihre Person sind nicht m\u00f6glich.<\/p>\n<p>Gespeichert werden: Ihre E-Mail-Adresse, das Datum und die Uhrzeit des Seitenaufrufs, die aufgerufene Seite bzw. der Name der aufgerufenen Datei, die \u00fcbertragene Datenmenge und die Meldung, ob der Zugriff\/Abruf erfolgreich war.<\/p>\n<p>Diese Daten werden nicht zu kommerziellen Zwecken genutzt. Die Auswertung dient allein der statistischen Aufbereitung und Verbesserung unseres Internetangebots. Hierzu werden wir Nutzerprofile mittels eines Pseudonyms erstellen. Eine Verbindung zwischen der hinter dem Pseudonym stehenden Person mit den erhobenen Nutzungsdaten wird nicht hergestellt. Nach dieser Verwendung erfolgt die L\u00f6schung Ihrer Daten. Eine dauerhafte Verspeicherung ist ausgeschlossen. Sie k\u00f6nnen dieser Datenerhebung, -speicherung und -verarbeitung jederzeit widersprechen.<\/p>\n<p><strong>Ihre Daten werden ausschlie\u00dflich von uns verwendet. Eine Weitergabe an Dritte erfolgt nicht.<\/strong><\/p>\n<p>Zur Datenerhebung und Speicherung setzen wir auch sog. Cookies ein. Cookies sind kleine Datenpakete, die Ihr Browser auf unsere Veranlassung in Ihrem Endger\u00e4t speichert. Dort richten sie keinen Schaden an. Sie enthalten keine Viren und erlauben uns nicht, Sie auszusp\u00e4en. Verwendung finden dabei zwei Arten von Cookies. Tempor\u00e4re Cookies werden mit dem Schlie\u00dfen Ihres Browsers automatisch gel\u00f6scht (Session-Cookies). Dauerhafte Cookies haben demgegen\u00fcber eine maximale Lebensdauer von bis zu \u2026\u2026\u2026\u2026.(Zeitraum). Diese Art von Cookies erm\u00f6glicht es, dass Sie beim Wiederaufruf nach Verlassen der Website wiedererkannt werden. Mit Hilfe der Cookies ist es uns m\u00f6glich, Ihr Nutzungsverhalten zu oben genannten Zwecken und in entsprechendem Umfang nachzuvollziehen. Sie sollen Ihnen au\u00dferdem ein optimiertes Surfen auf unserer Website erm\u00f6glichen. Auch diese Daten erheben wir nur in anonymisierter bzw. pseudonymisierter Form. Sie k\u00f6nnen Ihren Internetbrowser so einstellen, dass unsere Cookies nicht auf Ihrem Endger\u00e4t abgelegt werden k\u00f6nnen oder bereits abgelegte Cookies gel\u00f6scht werden.<\/p>\n<p><strong>Umfang der Datenerhebung und \u2013 speicherung<\/strong><\/p>\n<p>Sofern Sie Waren \u00fcber unsere Website bestellen, erheben, verwenden und speichern wir Ihre personenbezogenen Daten nur, soweit es f\u00fcr die Durchf\u00fchrung des Vertrages notwendig ist.<\/p>\n<p>Dazu kann es erforderlich sein, Ihre pers\u00f6nlichen Daten an Unternehmen weiterzugeben, die wir zur Erbringung der Dienstleistung oder Vertragsabwicklung einsetzen.<\/p>\n<p>Dies sind z. B. Transportunternehmen.<\/p>\n<p>Nach vollst\u00e4ndiger Vertragsabwicklung werden Ihre Daten gesperrt und nach Ablauf der steuer- und handelsrechtlichen Vorschriften gel\u00f6scht, sofern Sie nicht ausdr\u00fccklich einer dar\u00fcberhinausgehenden Datenverwendung zugestimmt haben.<\/p>\n<p>Nutzung und Weitergabe personenbezogener Daten<\/p>\n<p>Jegliche Nutzung Ihrer personenbezogenen Daten erfolgt nur zu den genannten Zwecken und in dem zur Erreichung dieser Zwecke erforderlichen Umfang.<\/p>\n<p>Eine Weitergabe Ihrer pers\u00f6nlichen Daten an Dritte erfolgt ohne Ihre ausdr\u00fcckliche Einwilligung nicht, sofern dies nicht zur Vertragsdurchf\u00fchrung notwendig ist.<\/p>\n<p>Auch die \u00dcbermittlung an auskunftsberechtigte staatliche Institutionen und Beh\u00f6rden erfolgt nur im Rahmen der gesetzlichen Auskunftspflichten oder, wenn wir durch eine gerichtliche Entscheidung zur Auskunft verpflichtet werden.<\/p>\n<p>Auch den unternehmensinternen Datenschutz nehmen wir sehr ernst. Unsere Mitarbeiter sind von uns zur Verschwiegenheit und zur Einhaltung der datenschutzrechtlichen Bestimmungen verpflichtet worden.<\/p>\n<p><strong>Auskunfts- und Widerrufsrecht<\/strong><\/p>\n<p>Ihnen steht ein Auskunftsrecht bez\u00fcglich der \u00fcber Sie gespeicherten personenbezogenen Daten und ferner ein Recht auf Berichtigung unrichtiger Daten, Sperrung und L\u00f6schung zu. Auch k\u00f6nnen Sie jederzeit eine uns ggf. erteilte Einwilligung zur Datenerhebung und Verwendung ohne Angaben von Gr\u00fcnden widerrufen.<\/p>\n<p>Wenden Sie sich hierzu bitte an die im Impressum angegebene Kontaktadresse.<\/p>\n<p>Wir stehen Ihnen jederzeit gerne f\u00fcr weitergehende Fragen zu unserem Hinweis zum Datenschutz und zur Verarbeitung Ihrer personenbezogenen Daten zur Verf\u00fcgung.<\/p>\n","protected":false},"excerpt":{"rendered":"<p>Vielen Dank f\u00fcr Ihr Interesse an unserem Onlineauftritt. Der Schutz Ihrer pers\u00f6nlichen Daten liegt uns sehr am Herzen. An dieser Stelle m\u00f6chten wir Sie daher \u00fcber den Datenschutz in unserem Unternehmen I. H. B. T. International Hairlines Beauty Team, Inhaber Kurt Kettenring Hauptstr. 51 67714 Waldfischbach-Burgalben Tel: 06333-5005 Fax: 06333-4520 E-Mail: info@ihbt.de Registergericht: Amtsgericht Zweibrucken, [&hellip;]<\/p>\n","protected":false},"author":1,"featured_media":0,"parent":0,"menu_order":0,"comment_status":"closed","ping_status":"closed","template":"","meta":{"footnotes":""},"class_list":["post-29","page","type-page","status-publish","hentry"],"_links":{"self":[{"href":"http:\/\/shop.ihbt.info\/index.php?rest_route=\/wp\/v2\/pages\/29","targetHints":{"allow":["GET"]}}],"collection":[{"href":"http:\/\/shop.ihbt.info\/index.php?rest_route=\/wp\/v2\/pages"}],"about":[{"href":"http:\/\/shop.ihbt.info\/index.php?rest_route=\/wp\/v2\/types\/page"}],"author":[{"embeddable":true,"href":"http:\/\/shop.ihbt.info\/index.php?rest_route=\/wp\/v2\/users\/1"}],"replies":[{"embeddable":true,"href":"http:\/\/shop.ihbt.info\/index.php?rest_route=%2Fwp%2Fv2%2Fcomments&post=29"}],"version-history":[{"count":4,"href":"http:\/\/shop.ihbt.info\/index.php?rest_route=\/wp\/v2\/pages\/29\/revisions"}],"predecessor-version":[{"id":136,"href":"http:\/\/shop.ihbt.info\/index.php?rest_route=\/wp\/v2\/pages\/29\/revisions\/136"}],"wp:attachment":[{"href":"http:\/\/shop.ihbt.info\/index.php?rest_route=%2Fwp%2Fv2%2Fmedia&parent=29"}],"curies":[{"name":"wp","href":"https:\/\/api.w.org\/{rel}","templated":true}]}}