{"id":28,"date":"2012-10-26T22:15:26","date_gmt":"2012-10-26T22:15:26","guid":{"rendered":""},"modified":"2018-03-08T19:22:59","modified_gmt":"2018-03-08T18:22:59","slug":"agb","status":"publish","type":"page","link":"http:\/\/shop.ihbt.info\/?page_id=28","title":{"rendered":"AGB"},"content":{"rendered":"<p><strong>Vertragsbedingungen<\/strong><br \/>\nim Rahmen von Kaufvertr\u00e4gen, die \u00fcber den Onlineshop<br \/>\nder I.H.B.T International Hairlines Beauty Team, Inhaber Kurt Kettenring, Hauptstr. 51, 67714 Waldfischbach-Burgalben<br \/>\n-im Folgenden: \u201eAnbieter\u201c-<\/p>\n<p>und<\/p>\n<p>den in \u00a7 2 der Vertragsbedingungen bezeichneten Kunden<br \/>\n-im Folgenden: \u201eKunde\u201c-<\/p>\n<p>geschlossen werden:<\/p>\n<p>\u00a71 Geltungsbereich, Begriffsbestimmungen<\/p>\n<p>(1) F\u00fcr die Gesch\u00e4ftsbeziehungen zwischen dem \u201eAnbieter\u201c und dem \u201eKunden\u201c gelten ausschlie\u00dflich die nachstehenden Allgemeinen Gesch\u00e4ftsbedingungen in ihrer zum Zeitpunkt des Vertragsschlusses g\u00fcltigen Fassung. Abweichende Bedingungen des Kunden werden nicht anerkannt, es sei denn, der Anbieter stimmt ihrer Geltung ausdr\u00fccklich schriftlich zu.<\/p>\n<p>(2) Der Kunde ist Verbraucher, soweit der Zweck des Abschlusses des Rechtsgesch\u00e4ftes \u00fcberwiegend weder seiner gewerblichen noch seiner selbstst\u00e4ndigen beruflichen T\u00e4tigkeit zugerechnet werden kann.<br \/>\nUnternehmer ist dagegen jede nat\u00fcrlich oder juristische Person oder rechtsf\u00e4hige Personengesellschaft, die bei Abschluss des Vertrages in Aus\u00fcbung ihrer selbstst\u00e4ndigen beruflichen oder gewerblichen T\u00e4tigkeit handelt.<\/p>\n<p>(3) Vertragssprache ist deutsch.<\/p>\n<p>\u00a7 2 Vertragsschluss<\/p>\n<p>(1) Mit der Darstellung der Produkte des Anbieters und der Einr\u00e4umung der M\u00f6glichkeit zur Bestellung ist noch kein verbindliches Angebot des Anbieters zum Abschluss eines Kaufvertrages verbunden. Die Bestellung des Kunden stellt ein Angebot an den Anbieter zum Abschluss eines Kaufvertrages dar.<br \/>\n(2) Der Kunde kann aus dem Sortiment des Anbieters Produkte, insbesondere Haarpflegeprodukte und diese \u00fcber den Button \u201ein den Warenkorb legen\u201c in dem sogenannten \u201eWarenkorb\u201c sammeln.<br \/>\n\u00dcber die entsprechende Schaltfl\u00e4che in der Navigationsleiste des Webshops des Anbieters kann der Kunde den \u201eWarenkorb\u201c aufrufen und dort jederzeit \u00c4nderungen vornehmen.<br \/>\nNach Anklicken des Buttons \u201eKasse\u201c und der dortigen Eingabe der pers\u00f6nlichen Daten sowie der Auswahl der Zahlungs- und Versandmodalit\u00e4ten, werden abschlie\u00dfend nochmals alle Bestelldaten des Kunden auf der Bestell\u00fcbersichtseite angezeigt.<br \/>\nVor Abschicken der Bestellung kann der Kunde die Daten jederzeit \u00e4ndern und einsehen.<br \/>\nDer Antrag kann jedoch nur abgegeben und \u00fcbermittelt werden, wenn der Kunde durch Klicken auf den Button \u201eAGB akzeptieren\u201c diese Vertragsbedingungen akzeptiert und dadurch in seinen Antrag aufgenommen hat.<\/p>\n<p>(3) Mit dem Absenden einer Bestellung \u00fcber den Online-Shop des Anbieters durch Anklicken des Buttons \u201ezahlungspflichtig bestellen\u201c gibt der Kunde eine rechtsverbindliche Bestellung und damit ein Angebot an den Anbieter zum Abschluss eines Kaufvertrages ab.<\/p>\n<p>(4) Wenn eine Bestellung des Kunden bei dem Anbieter aufgegeben wurde, wird der Anbieter dem Kunden an die von dem Kunden angegebene E-Mail-Adresse unverz\u00fcglich den Eingang der Bestellung des Kunden best\u00e4tigt (Bestellbest\u00e4tigung).<br \/>\nDiese Bestellbest\u00e4tigung stellt noch keine Annahme der Bestellung des Kunden dar, sondern soll den Kunden nur dar\u00fcber informieren, dass die Bestellung beim Anbieter eingegangen ist.<\/p>\n<p>(5) Ein Vertrag zwischen dem Kunden und dem Anbieter kommt erst dann zu Stande, wenn der Anbieter die Bestellung des Kunden durch eine Annahmeerkl\u00e4rung oder durch die Lieferung der bestellten Artikel annimmt.<br \/>\nHier\u00fcber informiert der Anbieter den Kunden mit einer zweiten E-Mail (Versandbest\u00e4tigung).<\/p>\n<p>(6) Sollte die Lieferung der von dem Kunden bestellten Waren nicht m\u00f6glich sein, etwa weil entsprechende Ware nicht auf Lager ist, sehen wir von einer Annahmeerkl\u00e4rung ab. In diesem Fall kommt ein Vertrag nicht zustande. Wir werden Sie dar\u00fcber unverz\u00fcglich informieren und bereits erhaltene Gegenleistungen unverz\u00fcglich erstatten.<\/p>\n<p>(7) Der vollst\u00e4ndige Vertragstext wird beim Anbieter nicht gespeichert. Vor Absenden der Bestellung \u00fcber das Online-Warenkorbsystem des Anbieters k\u00f6nnen die Vertragsdaten durch die Druckfunktion des Browsers ausgedruckt oder elektronisch durch den Kunden gesichert werden.<\/p>\n<p>\u00a7 3 Widerrufsrecht<\/p>\n<p>(1) Wenn der Kunde Verbraucher (vgl. \u00a7 1 Abs. 2) ist, steht ihm nach Ma\u00dfgabe der gesetzlichen Bestimmungen ein Widerrufsrecht zu.<\/p>\n<p>(2) Macht der Kunde als Verbraucher von seinem Widerrufsrecht nach Ziffer 1 Gebrauch, so hat er die regelm\u00e4\u00dfigen Kosten der R\u00fccksendung zu tragen.<\/p>\n<p>(3) Im \u00dcbrigen gelten f\u00fcr das Widerrufsrecht die Regelungen, die im Einzelnen wiedergegeben sind in der folgenden<\/p>\n<p>Widerrufsbelehrung<\/p>\n<p>Widerrufsrecht<\/p>\n<p>Sie haben das Recht, binnen vierzehn Tagen ohne Angaben von Gr\u00fcnden diesen Vertrag zu widerrufen.<\/p>\n<p>Die Widerrufsfrist beginnt vierzehn Tage ab dem Tag, an dem Sie oder ein von Ihnen benannter Dritter, der nicht der Bef\u00f6rderer ist, die letzte Waren in Besitz genommen haben bzw. hat.<\/p>\n<p>Um Ihr Widerrufsrecht auszu\u00fcben, m\u00fcssen Sie uns<\/p>\n<p>International Hairlines Beauty Team<br \/>\nInhaber Kurt Kettenring<br \/>\nHauptstra\u00dfe 51<br \/>\n67714 Waldfischbach-Burgalben<br \/>\nTelefon: 0 63 33 \/ 50 05<br \/>\nTelefax: 0 63 33 \/ 45 20<br \/>\nE-Mail: info@ihbt.de<\/p>\n<p>mittels einer eindeutigen Erkl\u00e4rung (z. B. ein mit der Post versandter Brief, Telefax oder E-Mail) \u00fcber Ihren Entschluss, diesen Vertrag zu widerrufen, informieren.<\/p>\n<p>Sie k\u00f6nnen daf\u00fcr das beigef\u00fcgte Muster-Widerrufsformular verwenden, das jedoch nicht vorgeschrieben ist.<\/p>\n<p>Muster-Widerrufsformular<\/p>\n<p>(Wenn Sie den Vertrag widerrufen wollen, dann f\u00fcllen Sie bitte dieses Formular aus und senden Sie es zur\u00fcck.)<\/p>\n<p>&#8211; An Internationales Hairlines Beauty Team, Inhaber Kurt Kettenring, Hauptstra\u00dfe 51, 67714 Waldfischbach-Burgalben, Telefax: 0 63 33 \/ 45 20, E-Mail: info@ihbt.de:<br \/>\n&#8211; Hiermit widerrufe(n) ich\/wir (*) den von mir\/uns (*) abgeschlossenen Vertrag \u00fcber den Kauf der folgenden Waren (*)\/ die Erbringung der folgenden Dienstleistung(*)<br \/>\n&#8211; Bestellt am (*)\/erhalten am (*)<br \/>\n&#8211; Name des\/der Verbraucher(s)<br \/>\n&#8211; Anschrift des\/der Verbraucher(s)<br \/>\n&#8211; Unterschrift des\/der Verbraucher(s) (nur bei Mitteilung auf Papier)<br \/>\n&#8211; Datum<br \/>\n_______________________<br \/>\n(*) Unzutreffendes streichen.<\/p>\n<p>Zur Wahrung der Widerrufsfrist reicht es aus, dass die Mitteilung \u00fcber die Aus\u00fcbung des Widerrufsrechts vor Ablauf der Widerrufsfrist absenden.<\/p>\n<p>Folgen des Widerrufs<\/p>\n<p>Wenn Sie diesen Vertrag widerrufen, haben wir Ihnen alle Zahlungen, die wir von Ihnen erhalten haben, einschlie\u00dflich der Lieferkosten (mit Ausnahme der zus\u00e4tzlichen Kosten, die sich daraus ergeben, dass Sie eine andere Art der Lieferung als die von uns angebotene, g\u00fcnstige Standardlieferung gew\u00e4hlt haben), unverz\u00fcglich und sp\u00e4testens binnen vierzehn Tagen ab dem Tag zur\u00fcckzahlen, an dem die Mitteilung \u00fcber den Widerruf dieses Vertrags bei uns eingegangen ist. F\u00fcr diese R\u00fcckzahlung verwenden wir dasselbe Zahlungsmittel, das Sie bei der urspr\u00fcnglichen Transaktion eingesetzt haben, es sei denn, mit Ihnen wurde ausdr\u00fccklich etwas anderes vereinbart; in keinem Fall werden Ihnen wegen dieser R\u00fcckzahlung Entgelte berechnet. Wir k\u00f6nnen die R\u00fcckzahlung verweigern, bis wir die Waren wieder zur\u00fcckerhalten haben oder bis Sie den Nachweis erbracht haben, dass Sie die Waren zur\u00fcckgesandt haben, je nachdem, welches der fr\u00fchere Zeitpunkt ist.<\/p>\n<p>Sie haben die Waren unverz\u00fcglich und in jedem Fall sp\u00e4testens binnen vierzehn Tagen ab dem Tag, an dem Sie uns \u00fcber den Widerruf dieses Vertrages unterrichten, an uns zur\u00fcckzusenden oder zu \u00fcbergeben. Die Frist ist gewahrt, wenn die Waren vor Ablauf der Frist von vierzehn Tagen absenden.<\/p>\n<p>Sie tragen die unmittelbaren Kosten der R\u00fccksendung der Waren.<\/p>\n<p>Sie m\u00fcssen f\u00fcr einen etwaigen Wertverlust der Waren nur aufkommen, wenn dieser Wertverlust auf einen zur Pr\u00fcfung der Beschaffenheit, Eigenschaften und Funktionsweise der Waren nicht notwendigen Umgang mit ihnen zur\u00fcckzuf\u00fchren ist.<\/p>\n<p>-Ende der Widerrufsbelehrung-<\/p>\n<p>(4) Das Widerrufsrecht besteht nicht bei au\u00dferhalb von Gesch\u00e4ftsr\u00e4umen geschlossenen Vertr\u00e4gen und bei Fernabsatzvertr\u00e4gen<\/p>\n<p>zur Lieferung versiegelter Waren, die aus Gr\u00fcnden des Gesundheitsschutzes oder der Hygiene nicht zur R\u00fcckgabe geeignet sind, wenn ihre Versiegelung nach der Lieferung entfernt wurde.<\/p>\n<p>\u00a7 4 Lieferbedingungen und Vorbehalt der Vorkassezahlung<\/p>\n<p>(1) Wir sind zu Teillieferungen berechtigt, soweit dies f\u00fcr Sie zumutbar ist.<\/p>\n<p>(2) Die Lieferfrist betr\u00e4gt ca. f\u00fcnf Werktage, soweit nichts anderes vereinbart wurde. Sie beginnt \u2013 vorbehaltlich der Regelungen in Absatz 3 \u2013 mit Vertragsschluss.<\/p>\n<p>(3) Bei Bestellungen von Kunden mit Wohn- oder Gesch\u00e4ftssitz im Ausland oder bei begr\u00fcndeten Anhaltspunkten f\u00fcr ein Zahlungsausfallrisiko behalten wir uns vor, erst nach Erhalt des Kaufpreises nebst Versandkosten zu liefern (Vorkassevorbehalt). Falls wir von dem Vorkassevorbehalt Gebrauch machen, werden wir Sie unverz\u00fcglich unterrichten. In diesem Fall beginnt die Lieferfrist mit Bezahlung des Kaufpreises und der Versandkosten.<\/p>\n<p>\u00a7 5 Preise und Versandkosten<\/p>\n<p>(1) S\u00e4mtliche Preisangaben in dem Online-Shop des Anbieters sind Bruttopreise inkl. der gesetzlichen Umsatzsteuer und verstehen sich zuz\u00fcglich anfallender Versandkosten.<\/p>\n<p>(2) Die Versandkosten sind im Online-Shop des Anbieters unter Rubrik \u201eVersandkosten\u201c abrufbar und werden auch im Laufe des Bestellvorganges gesondert ausgewiesen, bevor der Kunde die Bestellung absendet und sind von dem Kunden zu tragen.<\/p>\n<p>(3) Wenn der Anbieter die Bestellung des Kunden gem\u00e4\u00df \u00a7 4 Abs. 1 durch Teillieferungen erf\u00fcllt, entstehen dem Kunden nur f\u00fcr die erste Teillieferung Versandkosten. Erfolgen die Teillieferungen auf ausdr\u00fccklichen Wunsch des Kunden, berechnet der Anbieter f\u00fcr jede Teillieferung Versandkosten.<\/p>\n<p>(4) Wenn der Kunde seine Vertragserkl\u00e4rung wirksam gem\u00e4\u00df \u00a7 3 widerruft, kann er unter den gesetzlichen Voraussetzungen die Erstattung bereits bezahlter Kosten f\u00fcr den Versand zu dem Kunden (Hinsendekosten) verlangen (vgl. zu den sonstigen Widerrufsfolgen \u00a7 3 Abs. 3).<\/p>\n<p>(5) Der Kunde erh\u00e4lt eine Rechnung mit ausgewiesener Mehrwertsteuer.<\/p>\n<p>\u00a7 6 Eigentumsvorbehalt<\/p>\n<p>Bis zur vollst\u00e4ndigen Bezahlung verbleiben die gelieferten Waren im Eigentum des Anbieters.<\/p>\n<p>\u00a7 7 Zahlungsbedingungen und Aufrechnung und Zur\u00fcckbehaltungsrecht<\/p>\n<p>(1) Der Kunde kann die Zahlung des Kaufpreises und der Versandkosten nach seiner Wahl per Paypal vornehmen oder dem Anbieter eine Einzugserm\u00e4chtigung erteilen. Im Fall einer erteilten Einzugserm\u00e4chtigung wird der Anbieter die Belastung des Kontos des Kunden fr\u00fchestens zu dem in Absatz 2 regelten Zeitpunkt veranlassen. Eine erteilte Einzugserm\u00e4chtigung gilt bis auf Widerruf auch f\u00fcr weitere Bestellungen.<\/p>\n<p>(2) Der Kaufpreis und die Versandkosten sind durch den Kunden sp\u00e4testens binnen zwei Wochen ab Zugang unserer Rechnung zu bezahlen.<\/p>\n<p>(3) Der Kunde kann die in seinem Nutzerkonto gespeicherte Zahlungsart jederzeit \u00e4ndern.<\/p>\n<p>(4) Der Kunde ist nicht berechtigt, gegen\u00fcber Forderungen des Anbieters aufzurechnen, es sei denn die Gegenanspr\u00fcche des Kunden sind rechtskr\u00e4ftig festgestellt oder unbestritten. Der Kunde ist zur Aufrechnung gegen\u00fcber den Forderungen des Anbieters auch berechtigt, wenn der Kunde M\u00e4ngelr\u00fcgen oder Gegenanspr\u00fcche aus demselben Kaufvertrag geltend macht.<\/p>\n<p>(5) Der Kunde darf ein Zur\u00fcckbehaltungsrecht nur dann aus\u00fcben, wenn der Gegenanspruch des Kunden aus demselben Kaufvertrag herr\u00fchrt.<\/p>\n<p>\u00a7 8 Sachmangelgew\u00e4hrleistung, Garantie<\/p>\n<p>(1) Der Anbieter haftet f\u00fcr Sach- oder Rechtsm\u00e4ngel gelieferter Artikel nach den geltenden gesetzlichen Vorschriften, insbesondere \u00a7\u00a7 434 ff. BGB.<br \/>\nDie Verj\u00e4hrungsfrist f\u00fcr gesetzliche M\u00e4ngelanspr\u00fcche betr\u00e4gt zwei Jahre und beginnt mit der Ablieferung der Ware.<\/p>\n<p>(2) Gegen\u00fcber Unternehmern betr\u00e4gt die Verj\u00e4hrungsfrist f\u00fcr gesetzliche M\u00e4ngelanspr\u00fcche ein Jahr und beginnt ebenfalls mit der Ablieferung der Ware.<\/p>\n<p>(3) Etwaige von dem Anbieter gegebene Verk\u00e4ufergarantien f\u00fcr bestimmte Artikel oder von den Herstellern bestimmter Artikel einger\u00e4umte Herstellergarantien treten neben die Anspr\u00fcche wegen Sach- oder Rechtsm\u00e4ngel im Sinne von Absatz 1.<br \/>\nEinzelheiten des Umfangs solcher Garantien ergeben sich aus den Garantiebedingungen, die den Artikeln gegebenenfalls beiliegen.<\/p>\n<p>\u00a7 9 Haftung<\/p>\n<p>(1) Anspr\u00fcche des Kunden auf Schadensersatz sind ausgeschlossen.<br \/>\nHiervon ausgenommen sind Schadensersatzanspr\u00fcche des Kunden aus der Verletzung des Lebens, des K\u00f6rpers, der Gesundheit oder aus der Verletzung wesentlicher Vertragspflichten (Kardinalspflichten) sowie die Haftung f\u00fcr sonstige Sch\u00e4den, die auf einer vors\u00e4tzlichen oder grob fahrl\u00e4ssigen Pflichtverletzung des Anbieters, seiner gesetzlichen Vertreter oder Erf\u00fcllungsgehilfen beruhen.<br \/>\nWesentliche Vertragspflichten sind solche, deren Erf\u00fcllung zur Erreichung des Ziels des Vertrages notwendig ist.<br \/>\n(2) Bei der Verletzung wesentlicher Vertragspflichten haftet der Anbieter nur auf den vertragstypischen, vorhersehbaren Schaden, wenn dieser einfach fahrl\u00e4ssig verursacht wurde, es sei denn, es handelt sich um Schadensersatzanspr\u00fcche des Kunden aus der Verletzung des Lebens, des K\u00f6rpers oder der Gesundheit.<\/p>\n<p>(3) Die Einschr\u00e4nkungen der Abs. 1 und 2 gelten auch zu Gunsten der gesetzlichen Vertreter und Erf\u00fcllungsgehilfen des Anbieters, wenn Anspr\u00fcche direkt gegen diese geltend gemacht werden.<\/p>\n<p>(4) Die Vorschriften des Produkthaftungsgesetzes bleiben unber\u00fchrt.<\/p>\n<p>\u00a7 10 Urheberrechte<\/p>\n<p>Der Anbieter hat an allen Bildern und Filmen, die in seinem Online-Shop ver\u00f6ffentlicht werden, Urheberrechte. Eine Verwendung der Bilder, Filme und Texte ist ohne eine ausdr\u00fcckliche Zustimmung des Anbieters nicht gestattet.<\/p>\n<p>\u00a7 11 Hinweise zur Datenverarbeitung<\/p>\n<p>(1) Der Anbieter erhebt im Rahmen der Abwicklung von Vertr\u00e4gen Daten des Kunden. Er beachtet dabei insbesondere die Vorschriften des Bundesdatenschutzgesetzes und Telemediengesetzes. Ohne Einwilligung des Kunden wird der Anbieter Bestands- und Nutzungsdaten des Kunden nur erheben, verarbeiten oder nutzen, soweit dies f\u00fcr die Abwicklung des Vertragsverh\u00e4ltnisses und f\u00fcr die Inanspruchnahme und Abrechnung von Telemedien erforderlich ist.<\/p>\n<p>(2) Die Daten des Kunden wird der Anbieter nicht zum Zwecke der Werbung, Markt- und Meinungsforschung nutzen.<\/p>\n<p>(3) Der Kunde hat jederzeit die M\u00f6glichkeit, die von ihm gespeicherten Daten unter dem Button \u201eMeine Daten\u201c (sofern ein Nutzerprofil m\u00f6glich ist) in seinem Profil abzurufen, dieses zu \u00e4ndern oder zu l\u00f6schen. Im \u00dcbrigen wird in Bezug auf Einwilligungen des Kunden und weitere Informationen zur Datenerhebung-, verarbeitung- und nutzung auf die Datenschutzerkl\u00e4rung verwiesen, die auf der Website des Anbieters jederzeit \u00fcber den Button \u201eDatenschutz\u201c in druckbarer Form abrufbar ist.<\/p>\n<p>\u00a7 12 Schlussbestimmungen<\/p>\n<p>(1) Auf Vertr\u00e4ge zwischen dem Anbieter und den Kunden findet das Recht der Bundesrepublik Deutschland unter Ausschluss des UN-Kaufrechts Anwendung. Wenn der Kunde die Bestellung als Verbraucher abgegeben hat und zum Zeitpunkt seiner Bestellung seinen gew\u00f6hnlichen Aufenthalt in einem anderen Land hat, bleibt die Anwendung zwingender Rechtsvorschriften dieses Landes von der in Satz 1 getroffenen Rechtswahl unber\u00fchrt.<\/p>\n<p>(2) Sofern es sich beim Kunden um einen Kaufmann, eine juristische Person des \u00f6ffentlichen Rechts oder um ein \u00f6ffentlich-rechtliches Sonderverm\u00f6gen handelt, ist Gerichtsstand f\u00fcr alle Streitigkeiten aus Vertragsverh\u00e4ltnissen zwischen dem Kunden und dem Anbieter der Sitz des Anbieters. Dasselbe gilt, wenn der Kunde keinen allgemeinen Gerichtsstand in Deutschland oder der EU hat oder der gew\u00f6hnliche Aufenthalt zum Zeitpunkt der Klageerhebung nicht bekannt ist.<br \/>\nIm \u00dcbrigen gelten f\u00fcr die \u00f6rtliche und die internationale Zust\u00e4ndigkeit die anwendbaren gesetzlichen Bestimmungen.<\/p>\n<p>(3) Der Vertrag bleibt auch bei rechtlicher Unwirksamkeit einzelner Punkte in seinen \u00fcbrigen Teilen verbindlich. Anstelle der unwirksamen Punkte treten, soweit vorhanden, die gesetzlichen Vorschriften. Soweit dies f\u00fcr eine Vertragspartei eine unzumutbare H\u00e4rte darstellen w\u00fcrde, wird der Vertrag jedoch im Ganzen unwirksam.<\/p>\n","protected":false},"excerpt":{"rendered":"<p>Vertragsbedingungen im Rahmen von Kaufvertr\u00e4gen, die \u00fcber den Onlineshop der I.H.B.T International Hairlines Beauty Team, Inhaber Kurt Kettenring, Hauptstr. 51, 67714 Waldfischbach-Burgalben -im Folgenden: \u201eAnbieter\u201c- und den in \u00a7 2 der Vertragsbedingungen bezeichneten Kunden -im Folgenden: \u201eKunde\u201c- geschlossen werden: \u00a71 Geltungsbereich, Begriffsbestimmungen (1) F\u00fcr die Gesch\u00e4ftsbeziehungen zwischen dem \u201eAnbieter\u201c und dem \u201eKunden\u201c gelten ausschlie\u00dflich die [&hellip;]<\/p>\n","protected":false},"author":1,"featured_media":0,"parent":0,"menu_order":0,"comment_status":"closed","ping_status":"closed","template":"","meta":{"footnotes":""},"class_list":["post-28","page","type-page","status-publish","hentry"],"_links":{"self":[{"href":"http:\/\/shop.ihbt.info\/index.php?rest_route=\/wp\/v2\/pages\/28","targetHints":{"allow":["GET"]}}],"collection":[{"href":"http:\/\/shop.ihbt.info\/index.php?rest_route=\/wp\/v2\/pages"}],"about":[{"href":"http:\/\/shop.ihbt.info\/index.php?rest_route=\/wp\/v2\/types\/page"}],"author":[{"embeddable":true,"href":"http:\/\/shop.ihbt.info\/index.php?rest_route=\/wp\/v2\/users\/1"}],"replies":[{"embeddable":true,"href":"http:\/\/shop.ihbt.info\/index.php?rest_route=%2Fwp%2Fv2%2Fcomments&post=28"}],"version-history":[{"count":7,"href":"http:\/\/shop.ihbt.info\/index.php?rest_route=\/wp\/v2\/pages\/28\/revisions"}],"predecessor-version":[{"id":131,"href":"http:\/\/shop.ihbt.info\/index.php?rest_route=\/wp\/v2\/pages\/28\/revisions\/131"}],"wp:attachment":[{"href":"http:\/\/shop.ihbt.info\/index.php?rest_route=%2Fwp%2Fv2%2Fmedia&parent=28"}],"curies":[{"name":"wp","href":"https:\/\/api.w.org\/{rel}","templated":true}]}}