{"id":231,"date":"2017-09-11T17:51:23","date_gmt":"2017-09-11T16:51:23","guid":{"rendered":"http:\/\/shop.ihbt.info\/?page_id=231"},"modified":"2017-09-11T17:58:04","modified_gmt":"2017-09-11T16:58:04","slug":"specials","status":"publish","type":"page","link":"http:\/\/shop.ihbt.info\/?page_id=231","title":{"rendered":"Specials"},"content":{"rendered":"<p>Alle Pflegeprodukte von Hairdom werden regelm\u00e4\u00dfig und streng kontrolliert. Sie erf\u00fcllen die Anforderungen an Haarpflege weit \u00fcber dem Standard hinaus. Alle Produkte sind sehr sparsam in der Anwendung und im Verbrauch. So weit es m\u00f6glich ist, bieten wir aus \u00f6kologischen u. \u00f6konomischen Gr\u00fcnden Refill-Produkte an.<\/p>\n<p>[wpshopgermany produktgruppe=&#8220;7&#8243; sortierung=&#8220;id&#8220; richtung=&#8220;asc&#8220;]<\/p>\n","protected":false},"excerpt":{"rendered":"<p>Alle Pflegeprodukte von Hairdom werden regelm\u00e4\u00dfig und streng kontrolliert. Sie erf\u00fcllen die Anforderungen an Haarpflege weit \u00fcber dem Standard hinaus. Alle Produkte sind sehr sparsam in der Anwendung und im Verbrauch. So weit es m\u00f6glich ist, bieten wir aus \u00f6kologischen u. \u00f6konomischen Gr\u00fcnden Refill-Produkte an. [wpshopgermany produktgruppe=&#8220;7&#8243; sortierung=&#8220;id&#8220; richtung=&#8220;asc&#8220;]<\/p>\n","protected":false},"author":1,"featured_media":0,"parent":0,"menu_order":0,"comment_status":"closed","ping_status":"closed","template":"","meta":{"footnotes":""},"class_list":["post-231","page","type-page","status-publish","hentry"],"_links":{"self":[{"href":"http:\/\/shop.ihbt.info\/index.php?rest_route=\/wp\/v2\/pages\/231","targetHints":{"allow":["GET"]}}],"collection":[{"href":"http:\/\/shop.ihbt.info\/index.php?rest_route=\/wp\/v2\/pages"}],"about":[{"href":"http:\/\/shop.ihbt.info\/index.php?rest_route=\/wp\/v2\/types\/page"}],"author":[{"embeddable":true,"href":"http:\/\/shop.ihbt.info\/index.php?rest_route=\/wp\/v2\/users\/1"}],"replies":[{"embeddable":true,"href":"http:\/\/shop.ihbt.info\/index.php?rest_route=%2Fwp%2Fv2%2Fcomments&post=231"}],"version-history":[{"count":2,"href":"http:\/\/shop.ihbt.info\/index.php?rest_route=\/wp\/v2\/pages\/231\/revisions"}],"predecessor-version":[{"id":234,"href":"http:\/\/shop.ihbt.info\/index.php?rest_route=\/wp\/v2\/pages\/231\/revisions\/234"}],"wp:attachment":[{"href":"http:\/\/shop.ihbt.info\/index.php?rest_route=%2Fwp%2Fv2%2Fmedia&parent=231"}],"curies":[{"name":"wp","href":"https:\/\/api.w.org\/{rel}","templated":true}]}}