{"id":102,"date":"2014-11-23T13:38:44","date_gmt":"2014-11-23T12:38:44","guid":{"rendered":"http:\/\/shop.ihbt.info\/?page_id=102"},"modified":"2018-03-08T20:42:32","modified_gmt":"2018-03-08T19:42:32","slug":"shampoos","status":"publish","type":"page","link":"http:\/\/shop.ihbt.info\/","title":{"rendered":"IHBT Produkt-Serie"},"content":{"rendered":"<p>In unserem Hair(dom)shop kaufen Sie g\u00fcnstig online hochwertige Shampoos, Conditioner und Styling Produkte von unsere Eigenmarke.<\/p>\n<p><strong>Unsere Service &#8211; Ihre Vorteile<\/strong><br \/>\nVersandkostenfrei innerhalb Deutschlands ab 40 \u20ac<\/p>\n<p>Alle Pflegeprodukte von Hairdom werden regelm\u00e4\u00dfig und streng kontrolliert. Sie erf\u00fcllen die Anforderungen an Haarpflege weit \u00fcber dem Standard hinaus. Alle Produkte sind sehr sparsam in der Anwendung und im Verbrauch. So weit es m\u00f6glich ist, bieten wir aus \u00f6kologischen u. \u00f6konomischen Gr\u00fcnden Refill-Produkte an.<\/p>\n","protected":false},"excerpt":{"rendered":"<p>In unserem Hair(dom)shop kaufen Sie g\u00fcnstig online hochwertige Shampoos, Conditioner und Styling Produkte von unsere Eigenmarke. Unsere Service &#8211; Ihre Vorteile Versandkostenfrei innerhalb Deutschlands ab 40 \u20ac Alle Pflegeprodukte von Hairdom werden regelm\u00e4\u00dfig und streng kontrolliert. Sie erf\u00fcllen die Anforderungen an Haarpflege weit \u00fcber dem Standard hinaus. Alle Produkte sind sehr sparsam in der Anwendung [&hellip;]<\/p>\n","protected":false},"author":1,"featured_media":0,"parent":0,"menu_order":4,"comment_status":"closed","ping_status":"closed","template":"template-homepage.php","meta":{"footnotes":""},"class_list":["post-102","page","type-page","status-publish","hentry"],"_links":{"self":[{"href":"http:\/\/shop.ihbt.info\/index.php?rest_route=\/wp\/v2\/pages\/102","targetHints":{"allow":["GET"]}}],"collection":[{"href":"http:\/\/shop.ihbt.info\/index.php?rest_route=\/wp\/v2\/pages"}],"about":[{"href":"http:\/\/shop.ihbt.info\/index.php?rest_route=\/wp\/v2\/types\/page"}],"author":[{"embeddable":true,"href":"http:\/\/shop.ihbt.info\/index.php?rest_route=\/wp\/v2\/users\/1"}],"replies":[{"embeddable":true,"href":"http:\/\/shop.ihbt.info\/index.php?rest_route=%2Fwp%2Fv2%2Fcomments&post=102"}],"version-history":[{"count":8,"href":"http:\/\/shop.ihbt.info\/index.php?rest_route=\/wp\/v2\/pages\/102\/revisions"}],"predecessor-version":[{"id":364,"href":"http:\/\/shop.ihbt.info\/index.php?rest_route=\/wp\/v2\/pages\/102\/revisions\/364"}],"wp:attachment":[{"href":"http:\/\/shop.ihbt.info\/index.php?rest_route=%2Fwp%2Fv2%2Fmedia&parent=102"}],"curies":[{"name":"wp","href":"https:\/\/api.w.org\/{rel}","templated":true}]}}